{"id":890,"date":"2021-01-24T17:17:43","date_gmt":"2021-01-24T16:17:43","guid":{"rendered":"https:\/\/horkaytamas.sk\/koncert-porozumenia\/"},"modified":"2021-01-28T17:02:57","modified_gmt":"2021-01-28T16:02:57","slug":"koncert-porozumenia","status":"publish","type":"page","link":"https:\/\/horkaytamas.sk\/hu\/koncert-porozumenia\/","title":{"rendered":"\u00d6sszefog\u00e1s Hangverseny"},"content":{"rendered":"\n<p>Az \u00d6sszefog\u00e1s Hangversenyt (szlov\u00e1kul \u201eegyet\u00e9rt\u00e9s, meg\u00e9rt\u00e9s hangversenyt\u201c) szer\u00e9nys\u00e9gem&nbsp; alap\u00edtotta \u00e9s szervezte 2008 \u00e9s 2013 k\u00f6z\u00f6tt.&nbsp; A rendezv\u00e9ny eszmei \u00fczenete a kultur\u00e1lis p\u00e1rbesz\u00e9d \u00e9s tolerancia el\u0151seg\u00edt\u00e9se a magyar-szlov\u00e1k egym\u00e1srautalts\u00e1g jegy\u00e9ben, de az \u00e1ltal\u00e1nosabban \u00e9rtelmezett k\u00f6z\u00e9p-eur\u00f3pai t\u00e9rs\u00e9gben is. A koncerten els\u0151sorban Szlov\u00e1ki\u00e1b\u00f3l \u00e9s Magyarorsz\u00e1gr\u00f3l l\u00e9ptek fel m\u0171v\u00e9szek, akik f\u0151leg szlov\u00e1k \u00e9s magyar zeneszerz\u0151k m\u0171veit adt\u00e1k el\u0151. <\/p>\n\n\n\n<p>A Zene \u00dcnnepe alkalm\u00e1b\u00f3l is rendezt\u00fck (j\u00fanius 21-\u00e9n vagy ahhoz k\u00f6zeli napon). F\u0151szervez\u0151 a MUSA NOSTRA nonprofit szervezet volt, az anyagi forr\u00e1sokat a Szlov\u00e1k K\u00f6zt\u00e1rsas\u00e1g Kultur\u00e1lis Miniszt\u00e9riuma p\u00e1ly\u00e1zati rendszer\u00e9b\u0151l biztos\u00edtottuk.<\/p>\n\n\n\n<p><a href=\"https:\/\/horkaytamas.sk\/hu\/osszefogas-hangverseny-2008\/\" data-type=\"page\" data-id=\"1237\">2008<\/a><\/p>\n\n\n\n<p><a href=\"https:\/\/horkaytamas.sk\/hu\/osszefogas-hangverseny-2009\/\" data-type=\"page\" data-id=\"1240\">2009<\/a><\/p>\n\n\n\n<p><a href=\"https:\/\/horkaytamas.sk\/hu\/osszefogas-hangverseny-2010\/\" data-type=\"page\" data-id=\"1243\">2010<\/a><\/p>\n\n\n\n<p><a href=\"http:\/\/2011\">2011<\/a><\/p>\n\n\n\n<p><a href=\"https:\/\/horkaytamas.sk\/hu\/osszefogas-hangverseny-2012\/\" data-type=\"page\" data-id=\"1249\">2012<\/a><\/p>\n\n\n\n<p><a href=\"https:\/\/horkaytamas.sk\/hu\/koncert-porozumenia-2013\/\" data-type=\"page\" data-id=\"1252\">2013<\/a><\/p>\n","protected":false},"excerpt":{"rendered":"<p>Az \u00d6sszefog\u00e1s Hangversenyt (szlov\u00e1kul \u201eegyet\u00e9rt\u00e9s, meg\u00e9rt\u00e9s hangversenyt\u201c) szer\u00e9nys\u00e9gem&nbsp; alap\u00edtotta \u00e9s szervezte 2008 \u00e9s 2013 k\u00f6z\u00f6tt.&nbsp; A rendezv\u00e9ny eszmei \u00fczenete a kultur\u00e1lis p\u00e1rbesz\u00e9d \u00e9s tolerancia el\u0151seg\u00edt\u00e9se&#8230;<\/p>\n<div class=\"more-link-wrapper\"><a class=\"more-link\" href=\"https:\/\/horkaytamas.sk\/hu\/koncert-porozumenia\/\">Pokra\u010dova\u0165 v \u010d\u00edtan\u00ed<span class=\"screen-reader-text\">\u00d6sszefog\u00e1s Hangverseny<\/span><\/a><\/div>\n","protected":false},"author":1,"featured_media":0,"parent":0,"menu_order":0,"comment_status":"closed","ping_status":"closed","template":"","meta":{"pgc_sgb_lightbox_settings":""},"_links":{"self":[{"href":"https:\/\/horkaytamas.sk\/hu\/wp-json\/wp\/v2\/pages\/890"}],"collection":[{"href":"https:\/\/horkaytamas.sk\/hu\/wp-json\/wp\/v2\/pages"}],"about":[{"href":"https:\/\/horkaytamas.sk\/hu\/wp-json\/wp\/v2\/types\/page"}],"author":[{"embeddable":true,"href":"https:\/\/horkaytamas.sk\/hu\/wp-json\/wp\/v2\/users\/1"}],"replies":[{"embeddable":true,"href":"https:\/\/horkaytamas.sk\/hu\/wp-json\/wp\/v2\/comments?post=890"}],"version-history":[{"count":2,"href":"https:\/\/horkaytamas.sk\/hu\/wp-json\/wp\/v2\/pages\/890\/revisions"}],"predecessor-version":[{"id":1261,"href":"https:\/\/horkaytamas.sk\/hu\/wp-json\/wp\/v2\/pages\/890\/revisions\/1261"}],"wp:attachment":[{"href":"https:\/\/horkaytamas.sk\/hu\/wp-json\/wp\/v2\/media?parent=890"}],"curies":[{"name":"wp","href":"https:\/\/api.w.org\/{rel}","templated":true}]}}