{"id":887,"date":"2021-01-24T17:15:34","date_gmt":"2021-01-24T16:15:34","guid":{"rendered":"https:\/\/horkaytamas.sk\/hudobne-dni-pouzia\/"},"modified":"2021-01-28T16:42:45","modified_gmt":"2021-01-28T15:42:45","slug":"ung-videki-zenei-napok","status":"publish","type":"page","link":"https:\/\/horkaytamas.sk\/hu\/ung-videki-zenei-napok\/","title":{"rendered":"Ung-vid\u00e9ki Zenei Napok"},"content":{"rendered":"\n<p>Klasszikus zenei fesztiv\u00e1l az ung-vid\u00e9ki mikror\u00e9gi\u00f3ban (Nagykapos \u00e9s k\u00f6rny\u00e9ke, ma a nagymih\u00e1lyi j\u00e1r\u00e1shoz tartozik)&nbsp; 2006 \u00e9s 2011 k\u00f6z\u00f6tt, amelyet \u00e9n hoztam l\u00e9tre a MUSA NOSTRA nonprofit szervezet vezet\u0151jek\u00e9nt.&nbsp; <\/p>\n\n\n\n<p>A fesztiv\u00e1l t\u00e1rsszervez\u0151i voltak: Bodrogk\u00f6zi \u00e9s Ung-vid\u00e9ki Kultur\u00e1lis K\u00f6zpont, n\u00e9h\u00e1ny \u00e9vig a Nagykaposi M\u0171v\u00e9szeti Alapiskola \u00e9s&nbsp; a nagykaposi V\u00e1rosi M\u0171vel\u0151d\u00e9si K\u00f6zpont, valamint a k\u00f6rnyez\u0151 falvak \u00f6nkorm\u00e1nyzatai. A fesztiv\u00e1lt f\u0151leg a Szlov\u00e1k K\u00f6zt\u00e1rsas\u00e1g Kultur\u00e1lis Miniszt\u00e9riuma p\u00e1ly\u00e1zati rendszer\u00e9b\u0151l finansz\u00edroztuk. A fell\u00e9p\u0151 m\u0171v\u00e9szek t\u00f6bbnyire Kelet-Szlov\u00e1ki\u00e1b\u00f3l \u00e9rkeztek, de r\u00e9szt vettek Magyarorsz\u00e1gr\u00f3l \u00e9s a t\u00f6bbi szlov\u00e1kiai r\u00e9gi\u00f3b\u00f3l is. A dramaturgia a 20.sz\u00e1zadi zene jelent\u0151s ar\u00e1nya mellett nagy s\u00falyt fektetett a zs\u00e1nerek, st\u00edlusok \u00e9s korszakok soksz\u00edn\u0171s\u00e9g\u00e9re. Hat \u00e9v alatt 44 professzion\u00e1lis koncertet \u00e9s 14 k\u00eds\u00e9r\u0151rendezv\u00e9nyt szervezt\u00fcnk, amelyeken 60 zenei csoportosul\u00e1s, sz\u00f3lista vagy karmester l\u00e9pett fel.<\/p>\n\n\n\n<p><a href=\"https:\/\/horkaytamas.sk\/hu\/ung-videki-zenei-napok-2006\/\" data-type=\"page\" data-id=\"1208\">2006<\/a><\/p>\n\n\n\n<p><a href=\"https:\/\/horkaytamas.sk\/hu\/ung-videki-zenei-napok-2007\/\" data-type=\"page\" data-id=\"1214\">2007<\/a><\/p>\n\n\n\n<p><a href=\"https:\/\/horkaytamas.sk\/hu\/ung-videki-zenei-napok-2008\/\" data-type=\"page\" data-id=\"1217\">2008<\/a><\/p>\n\n\n\n<p><a href=\"https:\/\/horkaytamas.sk\/hu\/ung-videki-zenei-napok-2009\/\" data-type=\"page\" data-id=\"1220\"> 2009<\/a><\/p>\n\n\n\n<p><a href=\"https:\/\/horkaytamas.sk\/hu\/ung-videki-zenei-napok-2010\/\" data-type=\"page\" data-id=\"1223\">2010<\/a><\/p>\n\n\n\n<p><a href=\"https:\/\/horkaytamas.sk\/hu\/ung-videki-zenei-napok-2011\/\" data-type=\"page\" data-id=\"1226\">2011<\/a><\/p>\n","protected":false},"excerpt":{"rendered":"<p>Klasszikus zenei fesztiv\u00e1l az ung-vid\u00e9ki mikror\u00e9gi\u00f3ban (Nagykapos \u00e9s k\u00f6rny\u00e9ke, ma a nagymih\u00e1lyi j\u00e1r\u00e1shoz tartozik)&nbsp; 2006 \u00e9s 2011 k\u00f6z\u00f6tt, amelyet \u00e9n hoztam l\u00e9tre a MUSA NOSTRA&#8230;<\/p>\n<div class=\"more-link-wrapper\"><a class=\"more-link\" href=\"https:\/\/horkaytamas.sk\/hu\/ung-videki-zenei-napok\/\">Pokra\u010dova\u0165 v \u010d\u00edtan\u00ed<span class=\"screen-reader-text\">Ung-vid\u00e9ki Zenei Napok<\/span><\/a><\/div>\n","protected":false},"author":1,"featured_media":0,"parent":0,"menu_order":0,"comment_status":"closed","ping_status":"closed","template":"","meta":{"pgc_sgb_lightbox_settings":""},"_links":{"self":[{"href":"https:\/\/horkaytamas.sk\/hu\/wp-json\/wp\/v2\/pages\/887"}],"collection":[{"href":"https:\/\/horkaytamas.sk\/hu\/wp-json\/wp\/v2\/pages"}],"about":[{"href":"https:\/\/horkaytamas.sk\/hu\/wp-json\/wp\/v2\/types\/page"}],"author":[{"embeddable":true,"href":"https:\/\/horkaytamas.sk\/hu\/wp-json\/wp\/v2\/users\/1"}],"replies":[{"embeddable":true,"href":"https:\/\/horkaytamas.sk\/hu\/wp-json\/wp\/v2\/comments?post=887"}],"version-history":[{"count":3,"href":"https:\/\/horkaytamas.sk\/hu\/wp-json\/wp\/v2\/pages\/887\/revisions"}],"predecessor-version":[{"id":1236,"href":"https:\/\/horkaytamas.sk\/hu\/wp-json\/wp\/v2\/pages\/887\/revisions\/1236"}],"wp:attachment":[{"href":"https:\/\/horkaytamas.sk\/hu\/wp-json\/wp\/v2\/media?parent=887"}],"curies":[{"name":"wp","href":"https:\/\/api.w.org\/{rel}","templated":true}]}}