{"id":882,"date":"2021-01-22T18:24:04","date_gmt":"2021-01-22T17:24:04","guid":{"rendered":"https:\/\/horkaytamas.sk\/precitajte-si-o-spolocnosti-politike\/"},"modified":"2021-01-31T19:55:31","modified_gmt":"2021-01-31T18:55:31","slug":"tarsadalom-politika","status":"publish","type":"page","link":"https:\/\/horkaytamas.sk\/hu\/tarsadalom-politika\/","title":{"rendered":"T\u00e1rsadalom, politika"},"content":{"rendered":"\n<p>A politikai-t\u00e1rsadalmi t\u00e9m\u00e1kkal foglalkoz\u00f3, kiv\u00e9tel n\u00e9lk\u00fcl szlov\u00e1k nyelv\u0171 cikkeim list\u00e1ja j\u00f3val r\u00f6videbb, mint a zeneiek\u00e9 \u00e9s j\u00f3 r\u00e9sz\u00fck a harmadik \u00e9vezred hajnal\u00e1n, 2000-2003 k\u00f6z\u00f6tt \u00edr\u00f3dott. Ezek a cikkek nem annyira szakmai, mint ink\u00e1bb szabadid\u0151s tev\u00e9kenys\u00e9g keret\u00e9ben keletkeztek \u2013 ennek ellen\u00e9re ma is szellemi gyermekeimnek tekintem \u0151ket. N\u00e9h\u00e1nynak a teljes sz\u00f6veg\u00e9t nyilv\u00e1noss\u00e1gra hoztam, ezek a honlap szlov\u00e1k v\u00e1ltozat\u00e1ban olvashat\u00f3k.<\/p>\n\n\n\n<p><strong>Trezorban maradt:<\/strong><\/p>\n\n\n\n<h3><strong>Socializmus a re\u0161taur\u00e1cia (Szocializmus \u00e9s restaur\u00e1ci\u00f3).<\/strong><\/h3>\n\n\n\n<p><em>A cikk&nbsp; 2001. m\u00e1jus 21-\u00e9n keletkezett eredetileg a SLOVO c\u00edm\u0171 foly\u00f3irat r\u00e9sz\u00e9re, de nem jelent meg, val\u00f3sz\u00edn\u0171leg a \u201etrockista\u201c sz\u00f3haszn\u00e1lat miatt.<\/em><\/p>\n\n\n\n<p><strong>Komment\u00e1r:<\/strong><\/p>\n\n\n\n<h3><strong>Zahrani\u010dn\u00ed Ma\u010fari t\u00e9mou d\u0148a <\/strong><strong>(K\u00fclhoni magyarok a napirenden)<\/strong><strong>.<\/strong><\/h3>\n\n\n\n<p><em>Megjelent SLOVO foly\u00f3iratban, 2002\/3<\/em><\/p>\n\n\n\n<p><strong>Riport:<\/strong><\/p>\n\n\n\n<h3><strong>Robotn\u00edk na psotu <\/strong><strong>(A munk\u00e1s nyomora)<\/strong><strong>.<\/strong><\/h3>\n\n\n\n<p><em>Megjelent a SLOVO napilapban 2002\/18, 2002. m\u00e1jus 1-\u00e9n.<\/em><\/p>\n\n\n\n<p><strong>Trezorban maradt essz\u00e9:<\/strong><\/p>\n\n\n\n<h3><strong>My\u0161lienkov\u00e1 pol\u00edcia na obzore <\/strong><strong>(Gondolatrend\u0151rs\u00e9g a l\u00e1that\u00e1ron)<\/strong><strong>.<\/strong><\/h3>\n\n\n\n<p><em>A cikk 2002. j\u00falius 18-\u00e1n keletkezett, de nem jelent meg, val\u00f3sz\u00edn\u0171leg politikai okokb\u00f3l (t\u00falzott baloldalis\u00e1g).<\/em><\/p>\n\n\n\n<p><strong>Interj\u00fa:<\/strong><\/p>\n\n\n\n<h3><strong>Dve strany tej istej mince <\/strong><strong>(Az \u00e9rme k\u00e9t oldala)<\/strong><strong>.<\/strong><\/h3>\n\n\n\n<p><em>Megjelent a S\u00favislosti foly\u00f3iratban, 2003\/4<\/em><\/p>\n\n\n\n<p><strong>Olvas\u00f3i lev\u00e9l:<\/strong><\/p>\n\n\n\n<h3><strong>Stoja na\u0161e diplomy za nie\u010do? <\/strong><strong>(\u00c9rnek valamit az okleveleink?)<\/strong><strong><\/strong><\/h3>\n\n\n\n<p><em>Megjelent a SME napilapban, 2004. m\u00e1rcius 5-\u00e9n.<\/em><\/p>\n\n\n\n<p>Megjegyz\u00e9s: A sz\u00f6vegeket k\u00e9s\u0151bbi szerkeszt\u0151i beavatkoz\u00e1sok n\u00e9lk\u00fcl, eredeti&nbsp; k\u00e9ziratos form\u00e1j\u00e1ban hoztam nyilv\u00e1noss\u00e1gra.<\/p>\n","protected":false},"excerpt":{"rendered":"<p>A politikai-t\u00e1rsadalmi t\u00e9m\u00e1kkal foglalkoz\u00f3, kiv\u00e9tel n\u00e9lk\u00fcl szlov\u00e1k nyelv\u0171 cikkeim list\u00e1ja j\u00f3val r\u00f6videbb, mint a zeneiek\u00e9 \u00e9s j\u00f3 r\u00e9sz\u00fck a harmadik \u00e9vezred hajnal\u00e1n, 2000-2003 k\u00f6z\u00f6tt \u00edr\u00f3dott.&#8230;<\/p>\n<div class=\"more-link-wrapper\"><a class=\"more-link\" href=\"https:\/\/horkaytamas.sk\/hu\/tarsadalom-politika\/\">Pokra\u010dova\u0165 v \u010d\u00edtan\u00ed<span class=\"screen-reader-text\">T\u00e1rsadalom, politika<\/span><\/a><\/div>\n","protected":false},"author":1,"featured_media":0,"parent":0,"menu_order":0,"comment_status":"closed","ping_status":"closed","template":"","meta":{"pgc_sgb_lightbox_settings":""},"_links":{"self":[{"href":"https:\/\/horkaytamas.sk\/hu\/wp-json\/wp\/v2\/pages\/882"}],"collection":[{"href":"https:\/\/horkaytamas.sk\/hu\/wp-json\/wp\/v2\/pages"}],"about":[{"href":"https:\/\/horkaytamas.sk\/hu\/wp-json\/wp\/v2\/types\/page"}],"author":[{"embeddable":true,"href":"https:\/\/horkaytamas.sk\/hu\/wp-json\/wp\/v2\/users\/1"}],"replies":[{"embeddable":true,"href":"https:\/\/horkaytamas.sk\/hu\/wp-json\/wp\/v2\/comments?post=882"}],"version-history":[{"count":3,"href":"https:\/\/horkaytamas.sk\/hu\/wp-json\/wp\/v2\/pages\/882\/revisions"}],"predecessor-version":[{"id":1498,"href":"https:\/\/horkaytamas.sk\/hu\/wp-json\/wp\/v2\/pages\/882\/revisions\/1498"}],"wp:attachment":[{"href":"https:\/\/horkaytamas.sk\/hu\/wp-json\/wp\/v2\/media?parent=882"}],"curies":[{"name":"wp","href":"https:\/\/api.w.org\/{rel}","templated":true}]}}