{"id":873,"date":"2021-01-22T18:24:56","date_gmt":"2021-01-22T17:24:56","guid":{"rendered":"https:\/\/horkaytamas.sk\/prednasky-konferencie\/"},"modified":"2021-02-21T11:32:50","modified_gmt":"2021-02-21T10:32:50","slug":"eloadasok-konferenciak","status":"publish","type":"page","link":"https:\/\/horkaytamas.sk\/hu\/eloadasok-konferenciak\/","title":{"rendered":"El\u0151ad\u00e1sok, konferenci\u00e1k"},"content":{"rendered":"\n<p>Elolvashatj\u00e1k itt n\u00e9h\u00e1ny zenetudom\u00e1nyi konferenci\u00e1ra k\u00e9sz\u00edtett felsz\u00f3lal\u00e1somat, amelyeket eddig val\u00f3szin\u0171leg sehol sem publik\u00e1ltak. Ezenk\u00edv\u00fcl n\u00e9h\u00e1ny &#8211; f\u0151leg zenei t\u00e9m\u00e1ra \u00edrt &#8211; k\u00fcl\u00f6nleges alkalmakhoz k\u00f6t\u0151d\u0151 el\u0151ad\u00e1som is olvashat\u00f3.<\/p>\n\n\n\n<h3><strong>Wolfgang Amadeus Mozart: Missa c-moll K 427 &#8211; megjegyz\u00e9sek <\/strong>a <strong>m\u0171r\u0151l <\/strong>(szlov\u00e1k nyelven).<\/h3>\n\n\n\n<p>A felsz\u00f3lal\u00e1s az Ifj\u00fa Zenet\u00f6rt\u00e9n\u00e9szek Konferenci\u00e1j\u00e1n hangzott el 1992. \u00e1prilis 28-\u00e1n Pozsonyban.<\/p>\n\n\n\n<h3><strong>El\u0151ad\u00e1s Franz Schubert sz\u00fclet\u00e9s\u00e9nek 200.\u00e9vfordul\u00f3ja alkalm\u00e1b\u00f3l (<\/strong>szlov\u00e1k nyelven).<\/h3>\n\n\n\n<p>Kassa, Konzervat\u00f3rium, 1997. janu\u00e1r 30.<\/p>\n\n\n\n<h3><strong>Metamorphosen des Bach-Spiels auf dem modernen Klavier am Beispiel der Chromatischen Fantasie und Fuge<\/strong> (A Bach-j\u00e1t\u00e9k metamorf\u00f3zisai modern zongor\u00e1n a Kromatikus fant\u00e1zia \u00e9s f\u00faga p\u00e9ld\u00e1j\u00e1n.)<\/h3>\n\n\n\n<p>A felsz\u00f3lal\u00e1s a \u201eBach 2000\u201c konferenci\u00e1n hangzott el Regensburgban 2000. okt\u00f3ber 11-12-\u00e9n.<\/p>\n\n\n\n<h3><strong>Od Bart\u00f3ka po Majkapara. \u0160pecifik\u00e1 in\u0161trukt\u00edvnej tvorby pre klav\u00edr v&nbsp;strednej a&nbsp;v\u00fdchodnej Eur\u00f3pe. <\/strong><strong>(Bart\u00f3kt\u00f3l Majkaparig.&nbsp; A zongor\u00e1ra <\/strong><strong>\u00ed<\/strong><strong>rt oktat\u00f3i irodalom saj\u00e1toss\u00e1gai K\u00f6z\u00e9p- \u00e9s Kelet-Eur\u00f3p\u00e1ban.)<\/strong><strong><\/strong><\/h3>\n\n\n\n<p>A felsz\u00f3lal\u00e1s a \u201eZene gyermekeknek a 20.sz\u00e1zad zeneszerz\u0151inek m\u0171veiben K\u00f6z\u00e9p-Eur\u00f3p\u00e1ban\u201d konferenci\u00e1n hangzott el Beszterceb\u00e1ny\u00e1n 2005. szeptember 21-\u00e9n.<\/p>\n\n\n\n<h3><strong><a href=\"https:\/\/horkaytamas.sk\/hu\/eloadas-a-kodaly-zoltan-emleknapok-alkalmabol\/\" data-type=\"post\" data-id=\"1363\">El\u0151ad\u00e1s a Kod\u00e1ly Zolt\u00e1n Eml\u00e9knapok alkalm\u00e1b\u00f3l.<\/a><\/strong><\/h3>\n\n\n\n<p>Nagykapos, 2007. okt\u00f3ber 19.<\/p>\n\n\n\n<h3><strong>Psalmus Hungaricus a \u017dalm zeme podkarpatskej. Svetsk\u00e9 a duchovn\u00e9 v tvorbe Eugen<\/strong><strong>a<\/strong><strong> Sucho\u0148<\/strong><strong>a a Zolt\u00e1na Kod\u00e1lya<\/strong><strong>. <\/strong><strong>(Psalmus Hungaricus \u00e9s K\u00e1rp\u00e1ti Zsolt\u00e1r. Vil\u00e1gi \u00e9s szakr\u00e1lis <\/strong><strong>Eugen Sucho\u0148<\/strong><strong> \u00e9s <\/strong><strong>Kod\u00e1ly <\/strong><strong>Zolt\u00e1n \u00e9letm\u0171v\u00e9ben.)<\/strong><\/h3>\n\n\n\n<p>A felsz\u00f3lal\u00e1s a Melos-\u00c9tos kort\u00e1rs zenei fesztiv\u00e1l keret\u00e9ben hangzott el Pozsonyban 2007. november 9-\u00e9n.<\/p>\n\n\n\n<h3><strong><a href=\"https:\/\/horkaytamas.sk\/hu\/magyaros-elemek-schubert-eletmuveben\/\" data-type=\"post\" data-id=\"1361\">Magyaros elemek Schubert \u00e9letm\u0171v\u00e9ben.<\/a><\/strong><\/h3>\n\n\n\n<p>Elhangzott 2010. \u00e1prilis 16-\u00e1n S\u00e1toralja\u00fajhely-Sz\u00e9phalomban, a \u201eLavotta \u00e9s kora\u201d zenetudom\u00e1nyi konferencia keret\u00e9ben.<\/p>\n\n\n\n<h3><strong><a href=\"https:\/\/horkaytamas.sk\/hu\/erkel-ferenc-es-frederic-chopin-szuletesenek-200-evfordulojan\/\" data-type=\"post\" data-id=\"1355\">Erkel Ferenc \u00e9s Fryderyk Chopin sz\u00fclet\u00e9s\u00e9nek 200. \u00e9vfordul\u00f3j\u00e1n.<\/a><\/strong><\/h3>\n\n\n\n<p>Elhangzott Kass\u00e1n a 41.F\u00e1bry Napok keret\u00e9ben 2010. december 9-\u00e9n.<\/p>\n\n\n\n<h3><strong><a href=\"https:\/\/horkaytamas.sk\/hu\/eloadas-gustav-mahler-halalanak-100-evforduloja-es-liszt-ferenc-szuletesenek-200-evforduloja-tiszteletere\/\" data-type=\"post\" data-id=\"1353\">El\u0151ad\u00e1s Gustav Mahler hal\u00e1l\u00e1nak 100.\u00e9vfordul\u00f3ja \u00e9s Liszt Ferenc sz\u00fclet\u00e9s\u00e9nek 200.\u00e9vfordul\u00f3ja tisztelet\u00e9re.<\/a><\/strong><\/h3>\n\n\n\n<p>S\u00e1toralja\u00fajhely, 2011. okt\u00f3ber 26.<\/p>\n\n\n\n<h3><strong><a href=\"https:\/\/horkaytamas.sk\/hu\/koszonto-a-magyar-kultura-napja-alkalmabol\/\" data-type=\"post\" data-id=\"1371\">K\u00f6sz\u00f6nt\u0151 a Magyar Kult\u00fara Napja alkalm\u00e1b\u00f3l.<\/a><\/strong><\/h3>\n\n\n\n<p>S\u00e1toralja\u00fajhely, 2012. janu\u00e1r 22.<\/p>\n","protected":false},"excerpt":{"rendered":"<p>Elolvashatj\u00e1k itt n\u00e9h\u00e1ny zenetudom\u00e1nyi konferenci\u00e1ra k\u00e9sz\u00edtett felsz\u00f3lal\u00e1somat, amelyeket eddig val\u00f3szin\u0171leg sehol sem publik\u00e1ltak. Ezenk\u00edv\u00fcl n\u00e9h\u00e1ny &#8211; f\u0151leg zenei t\u00e9m\u00e1ra \u00edrt &#8211; k\u00fcl\u00f6nleges alkalmakhoz k\u00f6t\u0151d\u0151 el\u0151ad\u00e1som&#8230;<\/p>\n<div class=\"more-link-wrapper\"><a class=\"more-link\" href=\"https:\/\/horkaytamas.sk\/hu\/eloadasok-konferenciak\/\">Pokra\u010dova\u0165 v \u010d\u00edtan\u00ed<span class=\"screen-reader-text\">El\u0151ad\u00e1sok, konferenci\u00e1k<\/span><\/a><\/div>\n","protected":false},"author":1,"featured_media":0,"parent":0,"menu_order":0,"comment_status":"closed","ping_status":"closed","template":"","meta":{"pgc_sgb_lightbox_settings":""},"_links":{"self":[{"href":"https:\/\/horkaytamas.sk\/hu\/wp-json\/wp\/v2\/pages\/873"}],"collection":[{"href":"https:\/\/horkaytamas.sk\/hu\/wp-json\/wp\/v2\/pages"}],"about":[{"href":"https:\/\/horkaytamas.sk\/hu\/wp-json\/wp\/v2\/types\/page"}],"author":[{"embeddable":true,"href":"https:\/\/horkaytamas.sk\/hu\/wp-json\/wp\/v2\/users\/1"}],"replies":[{"embeddable":true,"href":"https:\/\/horkaytamas.sk\/hu\/wp-json\/wp\/v2\/comments?post=873"}],"version-history":[{"count":10,"href":"https:\/\/horkaytamas.sk\/hu\/wp-json\/wp\/v2\/pages\/873\/revisions"}],"predecessor-version":[{"id":1646,"href":"https:\/\/horkaytamas.sk\/hu\/wp-json\/wp\/v2\/pages\/873\/revisions\/1646"}],"wp:attachment":[{"href":"https:\/\/horkaytamas.sk\/hu\/wp-json\/wp\/v2\/media?parent=873"}],"curies":[{"name":"wp","href":"https:\/\/api.w.org\/{rel}","templated":true}]}}