{"id":869,"date":"2021-01-24T15:24:02","date_gmt":"2021-01-24T14:24:02","guid":{"rendered":"https:\/\/horkaytamas.sk\/rozhovory-z-eteru\/"},"modified":"2021-01-28T10:28:05","modified_gmt":"2021-01-28T09:28:05","slug":"interjuk-az-eterbol","status":"publish","type":"page","link":"https:\/\/horkaytamas.sk\/hu\/interjuk-az-eterbol\/","title":{"rendered":"Interj\u00fak az \u00e9terb\u0151l"},"content":{"rendered":"\n<p>Hallgassa meg a r\u00e1di\u00f3 munkat\u00e1rsai \u00e1ltal, velem k\u00e9sz\u00edtett besz\u00e9lget\u00e9seket. Ezek \u00e1ltal\u00e1nosabb, szem\u00e9lyes \u00e9s professzion\u00e1lis vonalat is k\u00f6vet\u0151 interj\u00fak. Azokat a m\u0171sorokat, melyek konkr\u00e9t fesztiv\u00e1lokkal vagy koncertekkel foglalkoznak, A zenei \u00e9let szervez\u0151je szekci\u00f3ban tal\u00e1lja meg.<\/p>\n\n\n\n<p>R\u00e1di\u00f3 Akt\u00edv S\u00e1toralja\u00fajhely \u00e1ltal k\u00e9sz\u00edtett besz\u00e9lget\u00e9s, 2008. december 4.<\/p>\n\n\n\n<figure class=\"wp-block-audio\"><audio controls src=\"https:\/\/horkaytamas.sk\/wp-content\/uploads\/2021\/01\/081204_RadioAktiv.mp3\"><\/audio><\/figure>\n\n\n\n<p>P\u00e1tria R\u00e1di\u00f3 \u00e1ltal k\u00e9sz\u00edtett besz\u00e9lget\u00e9s 2011. december 6., v\u00e1gatlan verzi\u00f3, a riporter Lacza Tiham\u00e9r.<\/p>\n\n\n\n<figure class=\"wp-block-audio\"><audio controls src=\"https:\/\/horkaytamas.sk\/wp-content\/uploads\/2021\/01\/Horkay_Tamas_zenekritikus_2o11.12.o6.mp3\"><\/audio><\/figure>\n","protected":false},"excerpt":{"rendered":"<p>Hallgassa meg a r\u00e1di\u00f3 munkat\u00e1rsai \u00e1ltal, velem k\u00e9sz\u00edtett besz\u00e9lget\u00e9seket. Ezek \u00e1ltal\u00e1nosabb, szem\u00e9lyes \u00e9s professzion\u00e1lis vonalat is k\u00f6vet\u0151 interj\u00fak. Azokat a m\u0171sorokat, melyek konkr\u00e9t fesztiv\u00e1lokkal vagy&#8230;<\/p>\n<div class=\"more-link-wrapper\"><a class=\"more-link\" href=\"https:\/\/horkaytamas.sk\/hu\/interjuk-az-eterbol\/\">Pokra\u010dova\u0165 v \u010d\u00edtan\u00ed<span class=\"screen-reader-text\">Interj\u00fak az \u00e9terb\u0151l<\/span><\/a><\/div>\n","protected":false},"author":1,"featured_media":0,"parent":0,"menu_order":0,"comment_status":"closed","ping_status":"closed","template":"","meta":{"pgc_sgb_lightbox_settings":""},"_links":{"self":[{"href":"https:\/\/horkaytamas.sk\/hu\/wp-json\/wp\/v2\/pages\/869"}],"collection":[{"href":"https:\/\/horkaytamas.sk\/hu\/wp-json\/wp\/v2\/pages"}],"about":[{"href":"https:\/\/horkaytamas.sk\/hu\/wp-json\/wp\/v2\/types\/page"}],"author":[{"embeddable":true,"href":"https:\/\/horkaytamas.sk\/hu\/wp-json\/wp\/v2\/users\/1"}],"replies":[{"embeddable":true,"href":"https:\/\/horkaytamas.sk\/hu\/wp-json\/wp\/v2\/comments?post=869"}],"version-history":[{"count":1,"href":"https:\/\/horkaytamas.sk\/hu\/wp-json\/wp\/v2\/pages\/869\/revisions"}],"predecessor-version":[{"id":870,"href":"https:\/\/horkaytamas.sk\/hu\/wp-json\/wp\/v2\/pages\/869\/revisions\/870"}],"wp:attachment":[{"href":"https:\/\/horkaytamas.sk\/hu\/wp-json\/wp\/v2\/media?parent=869"}],"curies":[{"name":"wp","href":"https:\/\/api.w.org\/{rel}","templated":true}]}}