{"id":850,"date":"2021-01-22T18:21:01","date_gmt":"2021-01-22T17:21:01","guid":{"rendered":"https:\/\/horkaytamas.sk\/klavirista\/"},"modified":"2021-02-01T13:04:13","modified_gmt":"2021-02-01T12:04:13","slug":"zongorista","status":"publish","type":"page","link":"https:\/\/horkaytamas.sk\/hu\/zongorista\/","title":{"rendered":"Zongorista"},"content":{"rendered":"\n<p><em>Nyilv\u00e1nos fell\u00e9p\u00e9seim \u00e1ttekint\u00e9se (a teljess\u00e9g ig\u00e9nye n\u00e9lk\u00fcl):<\/em><\/p>\n\n\n\n<hr class=\"wp-block-separator\"\/>\n\n\n\n<p>1995. m\u00e1rcius 30. Pozsony, Zichy-palota<\/p>\n\n\n\n<h2><strong><strong>A pozsonyi Exn\u00e1r utca m\u0171v\u00e9szeti alapiskola tan\u00e1ri koncertje<\/strong><\/strong><\/h2>\n\n\n\n<p>Fryderyk Chopin \u2013 Asz-d\u00far polon\u00e9zfant\u00e1zia op. 61<\/p>\n\n\n\n<hr class=\"wp-block-separator\"\/>\n\n\n\n<p>2002. december 10. Pozsony, Cik-cak centrum<\/p>\n\n\n\n<h2><strong><strong>Koncert a h\u00e1bor\u00fa ellen<\/strong><\/strong><\/h2>\n\n\n\n<p>Fryderyk Chopin \u2013 Asz-d\u00far polon\u00e9zfant\u00e1zia op. 61<\/p>\n\n\n\n<hr class=\"wp-block-separator\"\/>\n\n\n\n<p>2004. m\u00e1rcius 24.&nbsp; Pozsony, Zichy-palota<\/p>\n\n\n\n<h2><strong>A pozsonyi Exn\u00e1r utca m\u0171v\u00e9szeti alapiskola tan\u00e1ri koncertje<\/strong><\/h2>\n\n\n\n<p>Fryderyk Chopin &#8211;&nbsp; f-moll ballada op. 52<\/p>\n\n\n\n<hr class=\"wp-block-separator\"\/>\n\n\n\n<p>2005. november 23. Nagykapos, M\u0171v\u00e9szeti Alapiskola<\/p>\n\n\n\n<h2><strong>A Nagykaposi M\u0171v\u00e9szeti Alapiskola tan\u00e1ri koncertje<\/strong><\/h2>\n\n\n\n<p>Fryderyk Chopin \u2013 b-moll scherzo op. 31<\/p>\n\n\n\n<hr class=\"wp-block-separator\"\/>\n\n\n\n<p>2006. szeptember 16. Nagykapos, V\u00e1rosi M\u0171vel\u0151d\u00e9si K\u00f6zpont<\/p>\n\n\n\n<h2><strong>Ung-vid\u00e9ki Nemzetk\u00f6zi K\u00f3rustal\u00e1lkoz\u00f3<\/strong><\/h2>\n\n\n\n<p>Bart\u00f3k B\u00e9la \u2013 Tizen\u00f6t magyar parasztdal<\/p>\n\n\n\n<figure class=\"wp-block-embed is-type-video is-provider-youtube wp-block-embed-youtube wp-embed-aspect-4-3 wp-has-aspect-ratio\"><div class=\"wp-block-embed__wrapper\">\n<iframe loading=\"lazy\" title=\"Bart\u00f3k 15 magyar parasztdal\" width=\"500\" height=\"375\" src=\"https:\/\/www.youtube.com\/embed\/_oz2k2MV4dQ?feature=oembed\" frameborder=\"0\" allow=\"accelerometer; autoplay; clipboard-write; encrypted-media; gyroscope; picture-in-picture\" allowfullscreen><\/iframe>\n<\/div><\/figure>\n\n\n\n<p>\u00daj Sz\u00f3-el\u0151zetes: <a href=\"https:\/\/ujszo.com\/regio\/ajanlo-643\">https:\/\/ujszo.com\/regio\/ajanlo-643<\/a><\/p>\n\n\n\n<hr class=\"wp-block-separator\"\/>\n\n\n\n<p>2006. okt\u00f3ber 2. S\u00e1toralja\u00fajhely, M\u0171vel\u0151d\u00e9si H\u00e1z<\/p>\n\n\n\n<h2><strong>Eml\u00e9khangverseny Bart\u00f3k B\u00e9la sz\u00fclet\u00e9s\u00e9nek <\/strong><strong>125. <\/strong><strong>\u00e9vfordul\u00f3ja alkalm\u00e1b\u00f3l<\/strong><strong> <\/strong>&nbsp;<\/h2>\n\n\n\n<p>Bart\u00f3k B\u00e9la &#8211; Allegro barbaro<\/p>\n\n\n\n<hr class=\"wp-block-separator\"\/>\n\n\n\n<p>2009. m\u00e1rcius 26. Nagykapos, M\u0171v\u00e9szeti Alapiskola<\/p>\n\n\n\n<h2><strong>A Nagykaposi M\u0171v\u00e9szeti Alapiskola tan\u00e1ri koncertje<\/strong><\/h2>\n\n\n\n<p>Joseph Haydn &#8211; C d\u00far szon\u00e1ta Hob.XVI:48<\/p>\n\n\n\n<figure class=\"wp-block-embed is-type-video is-provider-youtube wp-block-embed-youtube wp-embed-aspect-4-3 wp-has-aspect-ratio\"><div class=\"wp-block-embed__wrapper\">\n<iframe loading=\"lazy\" title=\"Joseph Haydn: Son\u00e1ta C dur Hob.XVI:48\" width=\"500\" height=\"375\" src=\"https:\/\/www.youtube.com\/embed\/NGqne64ajYM?feature=oembed\" frameborder=\"0\" allow=\"accelerometer; autoplay; clipboard-write; encrypted-media; gyroscope; picture-in-picture\" allowfullscreen><\/iframe>\n<\/div><\/figure>\n\n\n\n<hr class=\"wp-block-separator\"\/>\n\n\n\n<p>2010. okt\u00f3ber 6.&nbsp; Kir\u00e1lyhelmec, M\u0171v\u00e9szeti Alapiskola<\/p>\n\n\n\n<h2><strong>Ung-vid\u00e9ki Zenei Napok<\/strong> (2.koncert)<\/h2>\n\n\n\n<p>Franz Schubert \u2013&nbsp; c-moll impromptu D 899 No. 1<\/p>\n\n\n\n<p>Johannes Brahms \u2013 h moll rapsz\u00f3dia op. 76 No. 1, g moll rapsz\u00f3dia op. 76 No. 2<\/p>\n\n\n\n<p>Fryderyk Chopin \u2013 Desz-d\u00far nokt\u00fcrn op. 27 No. 2, E-d\u00far et\u00fcd op. 10 No. 3, f-moll ballada op. 52<\/p>\n\n\n\n<hr class=\"wp-block-separator\"\/>\n\n\n\n<p>2010. november 10.&nbsp; S\u00e1toralja\u00fajhely, Lavotta H\u00e1z<\/p>\n\n\n\n<h2><strong>El\u0151ad\u00e1ssal egybek\u00f6t\u00f6tt hangverseny Chopin sz\u00fclet\u00e9s\u00e9nek 200. \u00e9vfordul\u00f3ja alkalm\u00e1b\u00f3l<\/strong><\/h2>\n\n\n\n<p>Franz Schubert \u2013&nbsp; c-moll impromptu D 899 No. 1<\/p>\n\n\n\n<p>Johannes Brahms \u2013&nbsp; g moll rapsz\u00f3dia op. 76 No. 2<\/p>\n\n\n\n<p>Fryderyk Chopin \u2013 Desz-d\u00far nokt\u00fcrn op. 27 No. 2, E-d\u00far et\u00fcd op. 10 No. 3, f-moll ballada op. 52<\/p>\n\n\n\n<figure class=\"wp-block-embed is-type-video is-provider-youtube wp-block-embed-youtube wp-embed-aspect-4-3 wp-has-aspect-ratio\"><div class=\"wp-block-embed__wrapper\">\n<iframe loading=\"lazy\" title=\"Chopin: Balada f mol op.52, Tam\u00e1s Horkay\" width=\"500\" height=\"375\" src=\"https:\/\/www.youtube.com\/embed\/lZoHqI9Qyhw?feature=oembed\" frameborder=\"0\" allow=\"accelerometer; autoplay; clipboard-write; encrypted-media; gyroscope; picture-in-picture\" allowfullscreen><\/iframe>\n<\/div><\/figure>\n\n\n\n<hr class=\"wp-block-separator\"\/>\n\n\n\n<p>2013. november 12. &nbsp;&nbsp;Kassa, az Exn\u00e1r utcai konzervat\u00f3rium sz\u00ednh\u00e1zterme<\/p>\n\n\n\n<h2><strong>Az Exn\u00e1r utcai konzervat\u00f3rium tan\u00e1ri koncertje<\/strong><\/h2>\n\n\n\n<p>Ludwig van Beethoven \u2013 Tri\u00f3 zongor\u00e1ra, klarin\u00e9tra \u00e9s gordonk\u00e1ra op. 11, 1. t\u00e9tel<\/p>\n\n\n\n<p>K\u00f6zrem\u0171k\u00f6dtek: Michal Vozn\u00edk \u2013 klarin\u00e9t, Milan \u010cerven\u00e1k \u2013 gordonka<\/p>\n\n\n\n<hr class=\"wp-block-separator\"\/>\n\n\n\n<p>2014. febru\u00e1r 25.&nbsp; &nbsp;Kassa, az Exn\u00e1r utcai konzervat\u00f3rium sz\u00ednh\u00e1zterme<\/p>\n\n\n\n<h2><strong>Az Exn\u00e1r utcai konzervat\u00f3rium tan\u00e1ri koncertje<\/strong><\/h2>\n\n\n\n<p>Franz Schubert \u2013 A-d\u00far szon\u00e1ta D 664, 1. t\u00e9tel<\/p>\n\n\n\n<hr class=\"wp-block-separator\"\/>\n\n\n\n<p>2021. janu\u00e1r 13.&nbsp; Kassa, Jozef Adamovi\u010d Konzervat\u00f3rium, Exn\u00e1r u.8<\/p>\n\n\n\n<h2><strong>Online hangverseny Beethoven sz\u00fclet\u00e9s\u00e9nek 250.\u00e9vfordul\u00f3ja alkalm\u00e1b\u00f3l<\/strong><\/h2>\n\n\n\n<p>Franz Schubert: c-moll szon\u00e1ta D 958<\/p>\n\n\n\n<p>Ludwig van Beethoven: f-moll szon\u00e1ta op. 57 \u201eAppassionata\u201d, <\/p>\n\n\n\n<figure class=\"wp-block-embed is-type-video is-provider-youtube wp-block-embed-youtube wp-embed-aspect-16-9 wp-has-aspect-ratio\"><div class=\"wp-block-embed__wrapper\">\n<iframe loading=\"lazy\" title=\"Online koncert Tam\u00e1sa Horkaya k 250.v\u00fdro\u010diu Beethovenovho narodenia: Schubert, Beethoven\" width=\"500\" height=\"281\" src=\"https:\/\/www.youtube.com\/embed\/hRzLW0TIOYA?feature=oembed\" frameborder=\"0\" allow=\"accelerometer; autoplay; clipboard-write; encrypted-media; gyroscope; picture-in-picture\" allowfullscreen><\/iframe>\n<\/div><\/figure>\n","protected":false},"excerpt":{"rendered":"<p>Nyilv\u00e1nos fell\u00e9p\u00e9seim \u00e1ttekint\u00e9se (a teljess\u00e9g ig\u00e9nye n\u00e9lk\u00fcl): 1995. m\u00e1rcius 30. Pozsony, Zichy-palota A pozsonyi Exn\u00e1r utca m\u0171v\u00e9szeti alapiskola tan\u00e1ri koncertje Fryderyk Chopin \u2013 Asz-d\u00far polon\u00e9zfant\u00e1zia&#8230;<\/p>\n<div class=\"more-link-wrapper\"><a class=\"more-link\" href=\"https:\/\/horkaytamas.sk\/hu\/zongorista\/\">Pokra\u010dova\u0165 v \u010d\u00edtan\u00ed<span class=\"screen-reader-text\">Zongorista<\/span><\/a><\/div>\n","protected":false},"author":1,"featured_media":851,"parent":0,"menu_order":0,"comment_status":"closed","ping_status":"closed","template":"","meta":{"pgc_sgb_lightbox_settings":""},"_links":{"self":[{"href":"https:\/\/horkaytamas.sk\/hu\/wp-json\/wp\/v2\/pages\/850"}],"collection":[{"href":"https:\/\/horkaytamas.sk\/hu\/wp-json\/wp\/v2\/pages"}],"about":[{"href":"https:\/\/horkaytamas.sk\/hu\/wp-json\/wp\/v2\/types\/page"}],"author":[{"embeddable":true,"href":"https:\/\/horkaytamas.sk\/hu\/wp-json\/wp\/v2\/users\/1"}],"replies":[{"embeddable":true,"href":"https:\/\/horkaytamas.sk\/hu\/wp-json\/wp\/v2\/comments?post=850"}],"version-history":[{"count":6,"href":"https:\/\/horkaytamas.sk\/hu\/wp-json\/wp\/v2\/pages\/850\/revisions"}],"predecessor-version":[{"id":1602,"href":"https:\/\/horkaytamas.sk\/hu\/wp-json\/wp\/v2\/pages\/850\/revisions\/1602"}],"wp:featuredmedia":[{"embeddable":true,"href":"https:\/\/horkaytamas.sk\/hu\/wp-json\/wp\/v2\/media\/851"}],"wp:attachment":[{"href":"https:\/\/horkaytamas.sk\/hu\/wp-json\/wp\/v2\/media?parent=850"}],"curies":[{"name":"wp","href":"https:\/\/api.w.org\/{rel}","templated":true}]}}