{"id":849,"date":"2021-01-17T11:50:10","date_gmt":"2021-01-17T10:50:10","guid":{"rendered":"https:\/\/horkaytamas.sk\/precitajte-si-o-hudbe\/"},"modified":"2021-01-31T19:53:12","modified_gmt":"2021-01-31T18:53:12","slug":"precitajte-si-o-hudbe","status":"publish","type":"page","link":"https:\/\/horkaytamas.sk\/hu\/precitajte-si-o-hudbe\/","title":{"rendered":"A zen\u00e9r\u0151l"},"content":{"rendered":"\n<p class=\"has-text-align-left\">Szakmai, azaz zenei t\u00e9m\u00e1j\u00fa publik\u00e1ci\u00f3im teljes list\u00e1ja a honlap szlov\u00e1k v\u00e1ltozat\u00e1ban megtal\u00e1lhat\u00f3. A t\u00f6bb sz\u00e1z, t\u00f6bb mint k\u00e9t \u00e9vtized alatt lek\u00f6z\u00f6lt cikk k\u00f6z\u00fcl kiv\u00e1lasztottam t\u00edzet, amelyeknek a teljes sz\u00f6veg\u00e9t nyilv\u00e1noss\u00e1gra hoztam. \u00cdr\u00e1saim t\u00falnyom\u00f3 t\u00f6bbs\u00e9g\u00e9t azonban szlov\u00e1k nyelven hoztam l\u00e9tre, ez\u00e9rt a sz\u00f3ban forg\u00f3 cikkek t\u00f6bbs\u00e9ge is szlov\u00e1k nyelv\u0171. Ezek a honlap szlov\u00e1k v\u00e1ltozat\u00e1ban olvashat\u00f3ak, a honlap magyar v\u00e1ltozat\u00e1ba a k\u00e9t magyar nyelv\u0171 cikket helyeztem el.<\/p>\n\n\n\n<p><strong>Karcolat:<\/strong><\/p>\n\n\n\n<h3><strong>Sm\u00e4dn\u00e9 detaily (Szomjas r\u00e9szletek).&nbsp;&nbsp;<\/strong><\/h3>\n\n\n\n<p>Megjelent a SLOVO foly\u00f3iratban, 41\/2002<\/p>\n\n\n\n<p><strong>Essz\u00e9:<\/strong><\/p>\n\n\n\n<h3><strong>Viva la korepetizia!<\/strong><\/h3>\n\n\n\n<p>Megjelent a Hudobn\u00fd \u017eivot c\u00edm\u0171 szaklapban, 4\/2004<\/p>\n\n\n\n<p><em>A cikk keletkez\u00e9se a szerz\u0151 k\u00e9t \u00e9s f\u00e9l \u00e9ves szem\u00e9lyes tapasztalat\u00e1hoz k\u00f6t\u0151dik, amit a pozsonyi Eva Jaczov\u00e1 T\u00e1nckonzervat\u00f3riumon szerzett korrepet\u00edtork\u00e9nt (2001-2004).<\/em><\/p>\n\n\n\n<p><strong>Interj\u00fa:<\/strong><\/p>\n\n\n\n<h3><strong>Vr\u00e1ti\u0165 vysok\u00e9 umenie na piedest\u00e1l <\/strong><strong>(szabad fordit\u00e1sban: Vissza a magas m\u0171v\u00e9szetet az \u0151t megillet\u0151 helyre)<\/strong><strong>.<\/strong><\/h3>\n\n\n\n<p>Megjelent a Hudobn\u00fd \u017eivot szaklapban (A zenepedag\u00f3gia k\u00f6z\u00fcgy c\u00edmmel),1-2\/2008<\/p>\n\n\n\n<p><em>A besz\u00e9lget\u00e9s egy karvezet\u0151i \u00e9s zenepedag\u00f3giai tanfolyam r\u00e9sztvev\u0151jek\u00e9nt szerzett tapasztalat nyom\u00e1n keletkezett, ahol Bartalus Ilona volt az egyik lektor.<\/em><\/p>\n\n\n\n<p><strong>Szabad recenzi\u00f3:<\/strong><\/p>\n\n\n\n<h3><strong><a href=\"https:\/\/horkaytamas.sk\/hu\/szavak\/\" data-type=\"post\" data-id=\"1375\">Szavak.<\/a><\/strong><\/h3>\n\n\n\n<p>Megjelent a COPUS helyi lapban 2008-ban.<\/p>\n\n\n\n<p><em>A cikk a szerz\u0151 szem\u00e9lyes tapasztalat\u00e1hoz k\u00f6t\u0151dik, amit az akkor m\u00e9g \u00e9l\u0151 Szokolay S\u00e1ndor zeneszerz\u0151 Szavak c. m\u0171v\u00e9nek egyik el\u0151ad\u00f3jak\u00e9nt szerzett.<\/em><\/p>\n\n\n\n<p><strong>Riport \u00e9s interj\u00fa:<\/strong><\/p>\n\n\n\n<h3><strong><a href=\"https:\/\/horkaytamas.sk\/hu\/cantemus-es-kodaly-iskola-nyiregyhazan-a-zene-mennyorszaga\/\" data-type=\"post\" data-id=\"1349\">Cantemus \u00e9s Kod\u00e1ly-iskola Ny\u00edregyh\u00e1z\u00e1n \u2013 a zene mennyorsz\u00e1ga.<\/a><\/strong><\/h3>\n\n\n\n<p>Megjelent az \u00daj Sz\u00f3 napilapban 2009. j\u00fanius 9-\u00e9n \u00e9s 15-\u00e9n.<\/p>\n\n\n\n<p><em>A cikkek a szerz\u0151 azon tapasztalat\u00e1nak nyom\u00e1n keletkeztek, amit a Cantemus k\u00f3rusm\u0171hely ny\u00edlt h\u00e9tv\u00e9g\u00e9j\u00e9nek r\u00e9sztvev\u0151jek\u00e9nt szerzett &nbsp;Ny\u00edregyh\u00e1z\u00e1n.<\/em><\/p>\n\n\n\n<p><strong>Ugyanez, szlov\u00e1k nyelven:<\/strong><\/p>\n\n\n\n<h3><strong>Ny\u00edregyh\u00e1za, raj hudby<\/strong>.<\/h3>\n\n\n\n<p>Megjelent a Hudobn\u00fd \u017eivot szaklapban, 7-8\/2009<\/p>\n\n\n\n<p><strong>Tanulm\u00e1ny:<\/strong><\/p>\n\n\n\n<h3><strong>Franz Liszt: Faustovsk\u00e1 symf\u00f3nia <\/strong><strong>(Liszt Ferenc: Fauszt-szimf\u00f3nia)<\/strong><strong>. <\/strong>&nbsp;<\/h3>\n\n\n\n<p>Megjelent a Hudobn\u00fd \u017eivot szaklapban, 9\/2011<\/p>\n\n\n\n<p><strong>CD-felv\u00e9tel recenzi\u00f3ja:<\/strong><\/p>\n\n\n\n<h3><strong>Gustav Mahler: Des Knaben Wunderhorn.<\/strong><\/h3>\n\n\n\n<p>Megjelent a Hudobn\u00fd \u017eivot szaklapban, 12\/2011<\/p>\n\n\n\n<p><strong>Kritika (pozit\u00edv):<\/strong><\/p>\n\n\n\n<h3><strong>Bratislavsk\u00e9 hudobn\u00e9 sl\u00e1vnosti 2011, klav\u00edrny recit\u00e1l Grigorija Sokolova <\/strong><strong>(Pozsonyi Zenei \u00dcnneps\u00e9gek 2011, Grigorij Szokolov zongoraestje)<\/strong><strong>.<\/strong><\/h3>\n\n\n\n<p>Megjelent a Hudobn\u00fd \u017eivot szaklapban, 1-2\/2012<\/p>\n\n\n\n<p><strong>Kritika (negat\u00edv):<\/strong><\/p>\n\n\n\n<h3><strong>V\u00e1\u017een\u00ed, z\u00e1vere\u010dn\u00e1!<\/strong> (<strong>Uraim, z\u00e1r\u00f3ra<\/strong>!)<\/h3>\n\n\n\n<p>Megjelent a Hudobn\u00fd \u017eivot szaklapban, 1-2\/2014<\/p>\n\n\n\n<p><em>A 66 szezon c. operael\u0151ad\u00e1s kritik\u00e1ja az Eur\u00f3pa Kultur\u00e1lis F\u0151v\u00e1rosa Kassa\u00b42013 keret\u00e9ben.<\/em><\/p>\n\n\n\n<p>Megjegyz\u00e9s: A sz\u00f6vegeket k\u00e9s\u0151bbi szerkeszt\u0151i beavatkoz\u00e1sok n\u00e9lk\u00fcl, eredeti&nbsp; k\u00e9ziratos form\u00e1j\u00e1ban hoztam nyilv\u00e1noss\u00e1gra.<\/p>\n","protected":false},"excerpt":{"rendered":"<p>Szakmai, azaz zenei t\u00e9m\u00e1j\u00fa publik\u00e1ci\u00f3im teljes list\u00e1ja a honlap szlov\u00e1k v\u00e1ltozat\u00e1ban megtal\u00e1lhat\u00f3. A t\u00f6bb sz\u00e1z, t\u00f6bb mint k\u00e9t \u00e9vtized alatt lek\u00f6z\u00f6lt cikk k\u00f6z\u00fcl kiv\u00e1lasztottam t\u00edzet,&#8230;<\/p>\n<div class=\"more-link-wrapper\"><a class=\"more-link\" href=\"https:\/\/horkaytamas.sk\/hu\/precitajte-si-o-hudbe\/\">Pokra\u010dova\u0165 v \u010d\u00edtan\u00ed<span class=\"screen-reader-text\">A zen\u00e9r\u0151l<\/span><\/a><\/div>\n","protected":false},"author":1,"featured_media":0,"parent":0,"menu_order":0,"comment_status":"closed","ping_status":"closed","template":"","meta":{"pgc_sgb_lightbox_settings":""},"_links":{"self":[{"href":"https:\/\/horkaytamas.sk\/hu\/wp-json\/wp\/v2\/pages\/849"}],"collection":[{"href":"https:\/\/horkaytamas.sk\/hu\/wp-json\/wp\/v2\/pages"}],"about":[{"href":"https:\/\/horkaytamas.sk\/hu\/wp-json\/wp\/v2\/types\/page"}],"author":[{"embeddable":true,"href":"https:\/\/horkaytamas.sk\/hu\/wp-json\/wp\/v2\/users\/1"}],"replies":[{"embeddable":true,"href":"https:\/\/horkaytamas.sk\/hu\/wp-json\/wp\/v2\/comments?post=849"}],"version-history":[{"count":5,"href":"https:\/\/horkaytamas.sk\/hu\/wp-json\/wp\/v2\/pages\/849\/revisions"}],"predecessor-version":[{"id":1497,"href":"https:\/\/horkaytamas.sk\/hu\/wp-json\/wp\/v2\/pages\/849\/revisions\/1497"}],"wp:attachment":[{"href":"https:\/\/horkaytamas.sk\/hu\/wp-json\/wp\/v2\/media?parent=849"}],"curies":[{"name":"wp","href":"https:\/\/api.w.org\/{rel}","templated":true}]}}