{"id":841,"date":"2021-01-22T18:22:56","date_gmt":"2021-01-22T17:22:56","guid":{"rendered":"https:\/\/horkaytamas.sk\/biografia\/"},"modified":"2021-01-28T10:27:04","modified_gmt":"2021-01-28T09:27:04","slug":"eletrajz","status":"publish","type":"page","link":"https:\/\/horkaytamas.sk\/hu\/eletrajz\/","title":{"rendered":"\u00c9letrajz"},"content":{"rendered":"\n<p>Mgr. Horkay Tam\u00e1s, PhD.&nbsp; 1970. december 11-\u00e9n Kass\u00e1n sz\u00fcletett \u00e9s Nagykaposon n\u0151tt fel. A Kassai Konzervat\u00f3riumban orgon\u00e1t \u00e9s zongor\u00e1t tanult Em\u00edlia Dzemjanov\u00e1 \u00e9s Peter Ka\u0161\u010d\u00e1k oszt\u00e1lyaiban (1986-1991). A pozsonyi Komensk\u00fd Egyetem B\u00f6lcs\u00e9szkar\u00e1n szerzett oklevelet zenetudom\u00e1nyi szakon (1991-1996), ahol&nbsp; Na\u010fa Hr\u010dkov\u00e1 vezet\u00e9se alatt doktori c\u00edmet is ki\u00e9rdemelt (2004, a disszert\u00e1ci\u00f3 t\u00e9m\u00e1ja: Zenei el\u0151ad\u00e1s \u00e9s Chopin k\u00f6lt\u00e9szete). 1994-ben a budapesti Liszt Ferenc Zeneakad\u00e9mi\u00e1n f\u00e9l\u00e9ves r\u00e9szk\u00e9pz\u00e9s keret\u00e9ben tanult a zenetudom\u00e1nyi tanszakon,&nbsp; 1998\/99-ben pedig a m\u00fcncheni Ludwig-Maximilian Universit\u00e4t-nek volt egy \u00e9vig \u00f6szt\u00f6nd\u00edjas hallgat\u00f3ja.<\/p>\n\n\n\n<p>2004-2009 k\u00f6z\u00f6tt a Nagykaposi M\u0171v\u00e9szeti Alapiskola igazgat\u00f3ja. Megalap\u00edtotta az Ung-vid\u00e9ki Zenei Napokat \u00e9s t\u00f6bb, nemzetk\u00f6zi visszhang\u00fa \u00d6sszefog\u00e1s Hangversenyt szervezett. 2009-ben megkapta a Magyar K\u00f3rusok, Zenekarok \u00e9s N\u00e9pzenei Egy\u00fcttesek K\u00f3ta-d\u00edj\u00e1t a Mec\u00e9n\u00e1s kateg\u00f3ri\u00e1ban,<\/p>\n\n\n\n<p>1993-t\u00f3l&nbsp; publicistak\u00e9nt \u00e9s zenekritikusk\u00e9nt t\u00f6bb nyomtatott \u00e9s elektronikus m\u00e9di\u00e1val m\u0171k\u00f6dik egy\u00fctt. T\u00f6bb sz\u00e1z cikket, essz\u00e9t, kritik\u00e1t \u00e9s riportot irt&nbsp; a Hudobn\u00fd \u017eivot, \u00daj Sz\u00f3, Slovo, S\u00favislosti, N\u00e1rodn\u00e1 obroda, Szlov\u00e1k R\u00e1di\u00f3 \u00e9s egy\u00e9b sajt\u00f3org\u00e1numok r\u00e9sz\u00e9re.<\/p>\n\n\n\n<p>Sz\u00e1mos zenetudom\u00e1nyi konferenci\u00e1n vett r\u00e9szt el\u0151ad\u00f3k\u00e9nt Pozsonyban, Zsoln\u00e1n, Beszterceb\u00e1ny\u00e1n, Grazban, Regensburgban \u00e9s S\u00e1toralja\u00fajhelyen.<\/p>\n\n\n\n<p>Ezen k\u00edv\u00fcl zongora- \u00e9s orgonam\u0171v\u00e9szk\u00e9nt t\u00f6bb hangversenyen l\u00e9pett fel Chopin, Schubert, Brahms, Mendelssohn, Bach, Franck, Reger, Eben, Haydn \u00e9s Bart\u00f3k m\u0171veivel Kass\u00e1n, Pozsonyban, Nagykaposon, Kir\u00e1lyhelmecen \u00e9s S\u00e1toralja\u00fajhelyen.<\/p>\n\n\n\n<p>A zenei el\u0151ad\u00e1s \u00e9s Chopin k\u00f6lt\u00e9szete (Hudobn\u00e1 interpret\u00e1cia a Chopinova poetika) c. k\u00f6nyv \u00e9s a Na\u010fa Hr\u010dkov\u00e1 \u00e1ltal lektor\u00e1lt 19.sz\u00e1zadi zenet\u00f6rt\u00e9netben a romantikus zongoramuzsik\u00e1r\u00f3l sz\u00f3l\u00f3 fejezet szerz\u0151je.<\/p>\n\n\n\n<p>Jelenleg (2011-t\u0151l)&nbsp; a kassai Jozef Adamovi\u010d Konzervat\u00f3riumban tan\u00edt zeneelm\u00e9leti t\u00e1rgyakat, zongor\u00e1t \u00e9s korrepet\u00e1l.<\/p>\n","protected":false},"excerpt":{"rendered":"<p>Mgr. Horkay Tam\u00e1s, PhD.&nbsp; 1970. december 11-\u00e9n Kass\u00e1n sz\u00fcletett \u00e9s Nagykaposon n\u0151tt fel. A Kassai Konzervat\u00f3riumban orgon\u00e1t \u00e9s zongor\u00e1t tanult Em\u00edlia Dzemjanov\u00e1 \u00e9s Peter Ka\u0161\u010d\u00e1k&#8230;<\/p>\n<div class=\"more-link-wrapper\"><a class=\"more-link\" href=\"https:\/\/horkaytamas.sk\/hu\/eletrajz\/\">Pokra\u010dova\u0165 v \u010d\u00edtan\u00ed<span class=\"screen-reader-text\">\u00c9letrajz<\/span><\/a><\/div>\n","protected":false},"author":1,"featured_media":0,"parent":0,"menu_order":0,"comment_status":"closed","ping_status":"closed","template":"","meta":{"pgc_sgb_lightbox_settings":""},"_links":{"self":[{"href":"https:\/\/horkaytamas.sk\/hu\/wp-json\/wp\/v2\/pages\/841"}],"collection":[{"href":"https:\/\/horkaytamas.sk\/hu\/wp-json\/wp\/v2\/pages"}],"about":[{"href":"https:\/\/horkaytamas.sk\/hu\/wp-json\/wp\/v2\/types\/page"}],"author":[{"embeddable":true,"href":"https:\/\/horkaytamas.sk\/hu\/wp-json\/wp\/v2\/users\/1"}],"replies":[{"embeddable":true,"href":"https:\/\/horkaytamas.sk\/hu\/wp-json\/wp\/v2\/comments?post=841"}],"version-history":[{"count":3,"href":"https:\/\/horkaytamas.sk\/hu\/wp-json\/wp\/v2\/pages\/841\/revisions"}],"predecessor-version":[{"id":844,"href":"https:\/\/horkaytamas.sk\/hu\/wp-json\/wp\/v2\/pages\/841\/revisions\/844"}],"wp:attachment":[{"href":"https:\/\/horkaytamas.sk\/hu\/wp-json\/wp\/v2\/media?parent=841"}],"curies":[{"name":"wp","href":"https:\/\/api.w.org\/{rel}","templated":true}]}}