{"id":836,"date":"2021-01-22T18:18:39","date_gmt":"2021-01-22T17:18:39","guid":{"rendered":"https:\/\/horkaytamas.sk\/uvod\/"},"modified":"2023-04-14T06:59:03","modified_gmt":"2023-04-14T04:59:03","slug":"kezdolap","status":"publish","type":"page","link":"https:\/\/horkaytamas.sk\/hu\/","title":{"rendered":"Kezd\u0151lap"},"content":{"rendered":"\n<p>2023. \u00e1prilis 9-\u00e9n, h\u00fasv\u00e9t vas\u00e1rnapj\u00e1n a P\u00e1tria R\u00e1di\u00f3 Keleten a helyzet&#8230; m\u0171sor\u00e1ban besz\u00e9lget\u00e9st sug\u00e1rzott velem &#8211; zen\u00e9r\u0151l, \u00e9letr\u0151l, sok mindenr\u0151l. Itt hallgathatj\u00e1k meg:<\/p>\n\n\n\n<p><a href=\"https:\/\/www.rtvs.sk\/radio\/archiv\/1498\/2029909\">https:\/\/www.rtvs.sk\/radio\/archiv\/1498\/2029909<\/a><\/p>\n\n\n\n<div class=\"wp-block-image\"><figure class=\"aligncenter size-large\"><img loading=\"lazy\" width=\"250\" height=\"85\" src=\"https:\/\/horkaytamas.sk\/wp-content\/uploads\/2021\/01\/logo-horkay2.png\" alt=\"\" class=\"wp-image-123\"\/><\/figure><\/div>\n\n\n\n<p>\u00dcdv\u00f6z\u00f6lj\u00fck Dr. Horkay Tam\u00e1s zenet\u00f6rt\u00e9n\u00e9sz, zongorista, szak\u00edr\u00f3 \u00e9s zenepedag\u00f3gus honlapj\u00e1n! <\/p>\n\n\n\n<p>A honlapon szemelv\u00e9nyeket tal\u00e1l publik\u00e1ci\u00f3s, zenekritikusi, zenet\u00f6rt\u00e9n\u00e9szi, k\u00f6z- \u00e9s szak\u00edr\u00f3i tev\u00e9kenys\u00e9gemb\u0151l, belepillanthat az \u00e1ltalam Kelet-Szlov\u00e1ki\u00e1ban szervezett koncertek \u00e9s fesztiv\u00e1lok hangulat\u00e1ba, valamint saj\u00e1t fell\u00e9p\u00e9seimb\u0151l is megtekinthet vide\u00f3felv\u00e9teleket.<\/p>\n\n\n\n<p>B\u00e1rmilyen felmer\u00fcl\u0151 k\u00e9rd\u00e9st sz\u00edvesen megv\u00e1laszolok, de b\u00e1tran forduljon hozz\u00e1m akkor is, ha az itt nyilv\u00e1noss\u00e1gra hozott anyagokra reag\u00e1lni szeretne. Kellemes b\u00f6ng\u00e9sz\u00e9st, olvas\u00e1st \u00e9s zenehallgat\u00e1st k\u00edv\u00e1nok!<\/p>\n\n\n\n<figure class=\"wp-block-image size-large\"><img loading=\"lazy\" width=\"800\" height=\"533\" src=\"https:\/\/horkaytamas.sk\/wp-content\/uploads\/2021\/01\/portret-horkay.jpg\" alt=\"\" class=\"wp-image-419\" srcset=\"https:\/\/horkaytamas.sk\/wp-content\/uploads\/2021\/01\/portret-horkay.jpg 800w, https:\/\/horkaytamas.sk\/wp-content\/uploads\/2021\/01\/portret-horkay-300x200.jpg 300w, https:\/\/horkaytamas.sk\/wp-content\/uploads\/2021\/01\/portret-horkay-768x512.jpg 768w\" sizes=\"(max-width: 800px) 100vw, 800px\" \/><\/figure>\n\n\n\n<div style=\"height:100px\" aria-hidden=\"true\" class=\"wp-block-spacer\"><\/div>\n\n\n\n<h2>M\u00e1sok mondt\u00e1k<\/h2>\n\n\n\n<blockquote class=\"wp-block-quote\"><p>&#8222;Tisztelem \u00e9s nagyra becs\u00fcl\u00f6m Dr. Horkay Tam\u00e1st, a felk\u00e9sz\u00fclt zenet\u00f6rt\u00e9n\u00e9szt, a kiv\u00e1l\u00f3 hangversenyszervez\u0151t, a v\u00e1laszt\u00e9kosan besz\u00e9l\u0151 \u00e9s fogalmaz\u00f3 zenei k\u00f6z\u00edr\u00f3t, aki zongoraj\u00e1t\u00e9kosk\u00e9nt is k\u00e9pes rokonszenvet kelteni hallgat\u00f3j\u00e1ban. Irigylem term\u00e9szetj\u00e1r\u00f3 k\u00e9pess\u00e9geit, t\u00f6bb \u00e9vtizedes bar\u00e1ts\u00e1ga pedig \u00e9rt\u00e9k sz\u00e1momra. Egy t\u00f6rt\u00e9nelmi nemzets\u00e9g &#8211; a Horkay n\u00e9vhez m\u00e9lt\u00f3 &#8211; \u00f6ntudatos tagja. Isten tartsa meg sok\u00e1ig er\u0151ben, eg\u00e9szs\u00e9gben!&#8221;<\/p><cite>Domb\u00f3v\u00e1ri J\u00e1nos<\/cite><\/blockquote>\n\n\n\n<p>&nbsp;&nbsp;&nbsp;&nbsp;&nbsp;&nbsp;&nbsp;&nbsp;&nbsp;&nbsp;&nbsp;&nbsp;&nbsp;&nbsp;&nbsp;<\/p>\n\n\n\n<figure class=\"wp-block-image size-large\"><img loading=\"lazy\" width=\"1024\" height=\"418\" src=\"https:\/\/horkaytamas.sk\/wp-content\/uploads\/2021\/01\/ilustracny01-1024x418.jpg\" alt=\"\" class=\"wp-image-238\" srcset=\"https:\/\/horkaytamas.sk\/wp-content\/uploads\/2021\/01\/ilustracny01-1024x418.jpg 1024w, https:\/\/horkaytamas.sk\/wp-content\/uploads\/2021\/01\/ilustracny01-300x123.jpg 300w, https:\/\/horkaytamas.sk\/wp-content\/uploads\/2021\/01\/ilustracny01-768x314.jpg 768w, https:\/\/horkaytamas.sk\/wp-content\/uploads\/2021\/01\/ilustracny01-1536x627.jpg 1536w, https:\/\/horkaytamas.sk\/wp-content\/uploads\/2021\/01\/ilustracny01-1080x441.jpg 1080w, https:\/\/horkaytamas.sk\/wp-content\/uploads\/2021\/01\/ilustracny01-1280x523.jpg 1280w, https:\/\/horkaytamas.sk\/wp-content\/uploads\/2021\/01\/ilustracny01-980x400.jpg 980w, https:\/\/horkaytamas.sk\/wp-content\/uploads\/2021\/01\/ilustracny01-480x196.jpg 480w, https:\/\/horkaytamas.sk\/wp-content\/uploads\/2021\/01\/ilustracny01.jpg 1920w\" sizes=\"(max-width: 1024px) 100vw, 1024px\" \/><\/figure>\n","protected":false},"excerpt":{"rendered":"<p>2023. \u00e1prilis 9-\u00e9n, h\u00fasv\u00e9t vas\u00e1rnapj\u00e1n a P\u00e1tria R\u00e1di\u00f3 Keleten a helyzet&#8230; m\u0171sor\u00e1ban besz\u00e9lget\u00e9st sug\u00e1rzott velem &#8211; zen\u00e9r\u0151l, \u00e9letr\u0151l, sok mindenr\u0151l. Itt hallgathatj\u00e1k meg: https:\/\/www.rtvs.sk\/radio\/archiv\/1498\/2029909 \u00dcdv\u00f6z\u00f6lj\u00fck&#8230;<\/p>\n<div class=\"more-link-wrapper\"><a class=\"more-link\" href=\"https:\/\/horkaytamas.sk\/hu\/\">Pokra\u010dova\u0165 v \u010d\u00edtan\u00ed<span class=\"screen-reader-text\">Kezd\u0151lap<\/span><\/a><\/div>\n","protected":false},"author":1,"featured_media":0,"parent":0,"menu_order":0,"comment_status":"closed","ping_status":"closed","template":"","meta":{"pgc_sgb_lightbox_settings":""},"_links":{"self":[{"href":"https:\/\/horkaytamas.sk\/hu\/wp-json\/wp\/v2\/pages\/836"}],"collection":[{"href":"https:\/\/horkaytamas.sk\/hu\/wp-json\/wp\/v2\/pages"}],"about":[{"href":"https:\/\/horkaytamas.sk\/hu\/wp-json\/wp\/v2\/types\/page"}],"author":[{"embeddable":true,"href":"https:\/\/horkaytamas.sk\/hu\/wp-json\/wp\/v2\/users\/1"}],"replies":[{"embeddable":true,"href":"https:\/\/horkaytamas.sk\/hu\/wp-json\/wp\/v2\/comments?post=836"}],"version-history":[{"count":5,"href":"https:\/\/horkaytamas.sk\/hu\/wp-json\/wp\/v2\/pages\/836\/revisions"}],"predecessor-version":[{"id":1775,"href":"https:\/\/horkaytamas.sk\/hu\/wp-json\/wp\/v2\/pages\/836\/revisions\/1775"}],"wp:attachment":[{"href":"https:\/\/horkaytamas.sk\/hu\/wp-json\/wp\/v2\/media?parent=836"}],"curies":[{"name":"wp","href":"https:\/\/api.w.org\/{rel}","templated":true}]}}