{"id":1252,"date":"2021-01-25T10:06:50","date_gmt":"2021-01-25T09:06:50","guid":{"rendered":"https:\/\/horkaytamas.sk\/koncert-porozumenia-2013\/"},"modified":"2021-01-28T17:00:55","modified_gmt":"2021-01-28T16:00:55","slug":"koncert-porozumenia-2013","status":"publish","type":"page","link":"https:\/\/horkaytamas.sk\/hu\/koncert-porozumenia-2013\/","title":{"rendered":"\u00d6sszefog\u00e1s Hangverseny 2013"},"content":{"rendered":"\n<p>A kassai M\u0171v\u00e9szetek H\u00e1z\u00e1ban megtartott hatodik \u00d6sszefog\u00e1s Hangverseny az utols\u00f3 lett, holott akkor erre m\u00e9g nem gondoltunk. Hasonl\u00f3an a tavalyi koncerthez ez\u00fattal is a jazzre f\u00f3kusz\u00e1ltunk \u00e9s szorosan egy\u00fcttm\u0171k\u00f6dt\u00fcnk az Exn\u00e1r utcai konzervat\u00f3riummal, \u00fagy a szervez\u00e9sben, mint a dramaturgiai szerepv\u00e1llal\u00e1sban egyar\u00e1nt. A magyar-szlov\u00e1k-lengyel egy\u00fcttm\u0171k\u00f6d\u00e9s is megmaradt, s\u0151t m\u00e9g szorosabb\u00e1 v\u00e1lt, ami&nbsp; a kifejezetten erre az alkalomra megalakult jazzform\u00e1ci\u00f3ban mutatkozott meg.<\/p>\n\n\n\n<p>Az est tal\u00e1n legnagyobb csillaga Szakcsi Lakatos B\u00e9la jazz zongorista volt, aki k\u00f6zel egy\u00f3r\u00e1s \u00f6n\u00e1ll\u00f3 programja mellett a k\u00f6z\u00f6s muzsik\u00e1l\u00e1sban is r\u00e9szt vett; szint\u00e9n mark\u00e1ns egy\u00e9nis\u00e9gk\u00e9nt jellemezhet\u0151 Krzysztof \u201ePuma\u201c Piaszecki lengyel git\u00e1rj\u00e1t\u00e9kos. Olyan kit\u0171n\u0151 zen\u00e9szek t\u00e1rsultak hozz\u00e1juk, mint Adri\u00e1n Harvan kassai szaxofonj\u00e1t\u00e9kos, Mohay Andr\u00e1s dobos \u00e9s Martin Marin\u010d\u00e1k eperjesi nagyb\u0151g\u0151s. &nbsp;A m\u0171sort azonban iskol\u00e1nk di\u00e1kjai \u00e9s tan\u00e1rai nyitott\u00e1k meg, konkr\u00e9tan az Ex band, Nikola \u0160olt\u00fdsov\u00e1 \u00e9s Jakab Zolt\u00e1n.<\/p>\n\n\n\n<p>A hangverseny az Eur\u00f3pa Kultur\u00e1lis F\u0151v\u00e1rosa Kassa\u00b42013 nagy rendezv\u00e9nysorozat r\u00e9sz\u00e9t k\u00e9pezte.<\/p>\n\n\n\n<p>A hatodik \u00d6sszefog\u00e1s Hangverseny minden adata az az al\u00e1bbi anyagokban tal\u00e1lhat\u00f3.<\/p>\n\n\n\n<p><a rel=\"noreferrer noopener\" href=\"\/wp-content\/uploads\/2021\/01\/kp2013_01_buletin.pdf\" target=\"_blank\">Itt t\u00f6ltheti le a koncert szlov\u00e1k nyelv\u0171 m\u0171sorf\u00fczet\u00e9t<\/a><\/p>\n\n\n\n<p>Itt t\u00f6ltheti le a koncert plak\u00e1tj\u00e1t:<\/p>\n\n\n\n<figure class=\"wp-block-image size-large\"><a href=\"https:\/\/horkaytamas.sk\/wp-content\/uploads\/2021\/01\/kp2013_02_plagat.jpg\"><img loading=\"lazy\" width=\"724\" height=\"1024\" src=\"https:\/\/horkaytamas.sk\/wp-content\/uploads\/2021\/01\/kp2013_02_plagat-724x1024.jpg\" alt=\"\" class=\"wp-image-1176\" srcset=\"https:\/\/horkaytamas.sk\/wp-content\/uploads\/2021\/01\/kp2013_02_plagat-724x1024.jpg 724w, https:\/\/horkaytamas.sk\/wp-content\/uploads\/2021\/01\/kp2013_02_plagat-212x300.jpg 212w, https:\/\/horkaytamas.sk\/wp-content\/uploads\/2021\/01\/kp2013_02_plagat-768x1086.jpg 768w, https:\/\/horkaytamas.sk\/wp-content\/uploads\/2021\/01\/kp2013_02_plagat.jpg 800w\" sizes=\"(max-width: 724px) 100vw, 724px\" \/><\/a><\/figure>\n\n\n\n<p>Itt t\u00f6ltheti le a koncert sz\u00f3r\u00f3lapj\u00e1t:<\/p>\n\n\n\n<figure class=\"wp-block-image size-large\"><a href=\"https:\/\/horkaytamas.sk\/wp-content\/uploads\/2021\/01\/kp2013_03_letak-scaled.jpg\"><img loading=\"lazy\" width=\"736\" height=\"1024\" src=\"https:\/\/horkaytamas.sk\/wp-content\/uploads\/2021\/01\/kp2013_03_letak-736x1024.jpg\" alt=\"\" class=\"wp-image-1172\" srcset=\"https:\/\/horkaytamas.sk\/wp-content\/uploads\/2021\/01\/kp2013_03_letak-736x1024.jpg 736w, https:\/\/horkaytamas.sk\/wp-content\/uploads\/2021\/01\/kp2013_03_letak-216x300.jpg 216w, https:\/\/horkaytamas.sk\/wp-content\/uploads\/2021\/01\/kp2013_03_letak-768x1069.jpg 768w, https:\/\/horkaytamas.sk\/wp-content\/uploads\/2021\/01\/kp2013_03_letak-1103x1536.jpg 1103w, https:\/\/horkaytamas.sk\/wp-content\/uploads\/2021\/01\/kp2013_03_letak-1471x2048.jpg 1471w, https:\/\/horkaytamas.sk\/wp-content\/uploads\/2021\/01\/kp2013_03_letak-scaled.jpg 1839w\" sizes=\"(max-width: 736px) 100vw, 736px\" \/><\/a><\/figure>\n","protected":false},"excerpt":{"rendered":"<p>A kassai M\u0171v\u00e9szetek H\u00e1z\u00e1ban megtartott hatodik \u00d6sszefog\u00e1s Hangverseny az utols\u00f3 lett, holott akkor erre m\u00e9g nem gondoltunk. Hasonl\u00f3an a tavalyi koncerthez ez\u00fattal is a jazzre&#8230;<\/p>\n<div class=\"more-link-wrapper\"><a class=\"more-link\" href=\"https:\/\/horkaytamas.sk\/hu\/koncert-porozumenia-2013\/\">Pokra\u010dova\u0165 v \u010d\u00edtan\u00ed<span class=\"screen-reader-text\">\u00d6sszefog\u00e1s Hangverseny 2013<\/span><\/a><\/div>\n","protected":false},"author":1,"featured_media":0,"parent":0,"menu_order":0,"comment_status":"closed","ping_status":"closed","template":"","meta":{"pgc_sgb_lightbox_settings":""},"_links":{"self":[{"href":"https:\/\/horkaytamas.sk\/hu\/wp-json\/wp\/v2\/pages\/1252"}],"collection":[{"href":"https:\/\/horkaytamas.sk\/hu\/wp-json\/wp\/v2\/pages"}],"about":[{"href":"https:\/\/horkaytamas.sk\/hu\/wp-json\/wp\/v2\/types\/page"}],"author":[{"embeddable":true,"href":"https:\/\/horkaytamas.sk\/hu\/wp-json\/wp\/v2\/users\/1"}],"replies":[{"embeddable":true,"href":"https:\/\/horkaytamas.sk\/hu\/wp-json\/wp\/v2\/comments?post=1252"}],"version-history":[{"count":1,"href":"https:\/\/horkaytamas.sk\/hu\/wp-json\/wp\/v2\/pages\/1252\/revisions"}],"predecessor-version":[{"id":1254,"href":"https:\/\/horkaytamas.sk\/hu\/wp-json\/wp\/v2\/pages\/1252\/revisions\/1254"}],"wp:attachment":[{"href":"https:\/\/horkaytamas.sk\/hu\/wp-json\/wp\/v2\/media?parent=1252"}],"curies":[{"name":"wp","href":"https:\/\/api.w.org\/{rel}","templated":true}]}}