{"id":1246,"date":"2021-01-25T10:04:35","date_gmt":"2021-01-25T09:04:35","guid":{"rendered":"https:\/\/horkaytamas.sk\/koncert-porozumenia-2011\/"},"modified":"2021-01-31T11:30:30","modified_gmt":"2021-01-31T10:30:30","slug":"osszefogas-hangverseny-2011","status":"publish","type":"page","link":"https:\/\/horkaytamas.sk\/hu\/osszefogas-hangverseny-2011\/","title":{"rendered":"\u00d6sszefog\u00e1s Hangverseny 2011"},"content":{"rendered":"\n<p>A negyedik \u00d6sszefog\u00e1s Hangversenyt m\u00e1r Kass\u00e1ra k\u00f6lt\u00f6z\u00e9sem ut\u00e1n szerveztem &nbsp;\u2013 nem v\u00e9letlen teh\u00e1t, hogy ebben a v\u00e1rosban ker\u00fclt megrendez\u00e9sre. A szervez\u00e9sn\u00e9l egyed\u00fcl maradtam a MUSA NOSTRA nonprofit szervezetemmel \u00e9s a finansz\u00edroz\u00e1sn\u00e1l csakis a kultur\u00e1lis miniszt\u00e9riumra t\u00e1maszkodhattam. Dacolva a nem k\u00f6nny\u0171 felt\u00e9telekkel ism\u00e9t siker\u00fclt \u00f6sszehozni egy egyed\u00fcl\u00e1ll\u00f3 k\u00f3rustal\u00e1lkoz\u00f3t.&nbsp; R\u00e9sztvev\u0151i Tatiana Kani\u0161\u00e1kov\u00e1 (aki m\u00e1r 2009-ben is vez\u00e9nyelt) a kassai egyetemi Collegium Technicum vegyeskar \u00e9l\u00e9n \u00e9s a karizmatikus Szab\u00f3 D\u00e9nes Ny\u00edregyh\u00e1z\u00e1r\u00f3l a vil\u00e1gh\u00edr\u0171 Pro Musica Le\u00e1nykar\u00e1val. A reperto\u00e1r csak\u00fagy mint k\u00e9t \u00e9ve, ez\u00fattal is els\u0151sorban 20.sz\u00e1zadi m\u0171vekb\u0151l \u00e1llt. A k\u00f6z\u00f6s produkci\u00f3 viszont elmaradt, de a premontrei templomot \u00edgy is zs\u00fafol\u00e1sig megt\u00f6lt\u00f6tt\u00e9k a magas m\u0171v\u00e9szet rajong\u00f3i,&nbsp; a kirobban\u00f3 siker bor\u00edt\u00e9kolhat\u00f3 volt. Sajnos a korl\u00e1tozott p\u00e9nz\u00fcgyi t\u00e1mogat\u00e1s miatt a megszokott \u00e1ll\u00f3fogad\u00e1st most a ny\u00edregyh\u00e1zi l\u00e1nyok sz\u00e1m\u00e1ra beszerzett bagettek voltak k\u00e9nytelen helyettes\u00edteni\u2026<\/p>\n\n\n\n<p>A negyedik \u00d6sszefog\u00e1s Hangverseny minden adata az al\u00e1bbi anyagokban tal\u00e1lhat\u00f3.<\/p>\n\n\n\n<p><a rel=\"noreferrer noopener\" href=\"\/wp-content\/uploads\/2021\/01\/kp2011_01_buletin_SK.pdf\" target=\"_blank\">Itt t\u00f6ltheti le a koncert m\u0171sorf\u00fczet\u00e9t<\/a><\/p>\n\n\n\n<p>Itt t\u00f6ltheti le a koncert plak\u00e1tj\u00e1t:<\/p>\n\n\n\n<figure class=\"wp-block-image size-large\"><a href=\"https:\/\/horkaytamas.sk\/wp-content\/uploads\/2021\/01\/kp2011_02_plagat.jpg\"><img loading=\"lazy\" width=\"800\" height=\"566\" src=\"https:\/\/horkaytamas.sk\/wp-content\/uploads\/2021\/01\/kp2011_02_plagat.jpg\" alt=\"\" class=\"wp-image-1160\" srcset=\"https:\/\/horkaytamas.sk\/wp-content\/uploads\/2021\/01\/kp2011_02_plagat.jpg 800w, https:\/\/horkaytamas.sk\/wp-content\/uploads\/2021\/01\/kp2011_02_plagat-300x212.jpg 300w, https:\/\/horkaytamas.sk\/wp-content\/uploads\/2021\/01\/kp2011_02_plagat-768x543.jpg 768w\" sizes=\"(max-width: 800px) 100vw, 800px\" \/><\/a><\/figure>\n\n\n\n<p>Itt n\u00e9zheti meg a koncert aprop\u00f3j\u00e1n k\u00e9sz\u00fclt f\u00e9nyk\u00e9peket:<\/p>\n\n\n<div class=\"pgc-sgb-cb wp-block-pgcsimplygalleryblock-grid\" data-gallery-id=\"890edffc_1611830107238\">\n\t\t<script type=\"application\/json\" class=\"sgb-data\">{\"copyRProtection\":true,\"copyRAlert\":\"Hello, this photo is mine!\",\"sliderScrollNavi\":false,\"sliderNextPrevAnimation\":\"animation\",\"galleryScrollPositionControll\":false,\"sliderItemCounterEnable\":true,\"sliderCaptionSrc\":\"caption\",\"sliderItemTitleEnable\":false,\"sliderItemTitleFontSize\":18,\"sliderItemTitleTextColor\":\"rgba(255,255,255,1)\",\"itemCounterColor\":\"rgba(255,255,255,1)\",\"sliderThumbBarEnable\":true,\"sliderThumbBarHoverColor\":\"rgba(240,240,240,1)\",\"sliderBgColor\":\"rgba(0,0,0,0.8)\",\"sliderPreloaderColor\":\"rgba(240,240,240,1)\",\"sliderHeaderFooterBgColor\":\"rgba(0,0,0,0.4)\",\"sliderNavigationColor\":\"rgba(0,0,0,1)\",\"sliderNavigationColorOver\":\"rgba(255,255,255,1)\",\"sliderNavigationIconColor\":\"rgba(255,255,255,1)\",\"sliderNavigationIconColorOver\":\"rgba(0,0,0,1)\",\"sliderSlideshow\":true,\"sliderSlideshowDelay\":8,\"slideshowIndicatorColor\":\"rgba(255,255,255,1)\",\"slideshowIndicatorColorBg\":\"rgba(255,255,255,0.5)\",\"sliderThumbSubMenuBackgroundColor\":\"rgba(255,255,255,0)\",\"sliderThumbSubMenuBackgroundColorOver\":\"rgba(255,255,255,1)\",\"sliderThumbSubMenuIconColor\":\"rgba(255,255,255,1)\",\"sliderThumbSubMenuIconHoverColor\":\"rgba(0,0,0,1)\",\"sliderSocialShareEnabled\":true,\"sliderZoomEnable\":true,\"sliderFullscreenEnabled\":true,\"modaBgColor\":\"rgba(0,0,0,0.8)\",\"modalIconColor\":\"rgba(255,255,255,1)\",\"modalIconColorHover\":\"rgba(255,255,255,0.8)\",\"shareFacebook\":true,\"shareTwitter\":true,\"sharePinterest\":true,\"sliderItemDownload\":true,\"shareCopyLink\":true,\"tagsFilter\":false,\"tagCloudAll\":\"All\",\"tagCloudBgColor\":\"rgba(153,153,153,1)\",\"tagCloudBgColorOver\":\"rgba(253,253,253,1)\",\"tagCloudTextColor\":\"rgba(253,253,253,1)\",\"tagCloudTextColorOver\":\"rgba(153,153,153,1)\",\"tagCloudFontSize\":16,\"deepLinking\":false,\"useLightbox\":true,\"numItemsDisplayed\":0,\"lazyLoading\":true,\"contentNoPadding\":false,\"galleryPreloaderColor\":\"rgba(230,230,230,1)\",\"galleryBgColor\":\"rgba(0,0,0,0)\",\"galleryBorderRadius\":0,\"collectionColumns\":3,\"thumbHieghtRation\":1,\"collectionThumbRecomendedWidth\":200,\"thumbSpacing\":5,\"externalLink\":true,\"externalLinkDefName\":\"Read More\",\"externalLinkTextColor\":\"rgba(0,0,0,1)\",\"externalLinkBgColor\":\"rgba(255,255,255,1)\",\"externalLinkFontSize\":18,\"captions\":true,\"captionSrc\":\"caption\",\"captionHAlign\":\"top\",\"collectionthumbHoverTitleFontSize\":18,\"collectionthumbRoundedCorners\":0,\"collectionthumbHoverTitleTextColor\":\"rgba(255,255,255,1)\",\"collectionthumbHoverTitleTextBgColor\":\"rgba(0,0,0,0.8)\",\"collectionthumbHoverBgColor\":\"rgba(0,0,0,0.4)\",\"collectionThumbSubMenuDownload\":true,\"collectionThumbSubMenuShare\":true,\"collectionThumbSubMenuBgColor\":\"rgba(0,0,0,0.4)\",\"collectionThumbSubMenuBgColorHover\":\"rgba(255,255,255,1)\",\"collectionThumbSubMenuIconColor\":\"rgba(255,255,255,1)\",\"collectionThumbSubMenuIconColorHover\":\"rgba(0,0,0,1)\",\"galleryType\":\"pgc_sgb_grid\",\"galleryId\":\"890edffc_1611830107238\",\"images\":[{\"id\":1062,\"title\":\"kp_2011-01\",\"url\":\"https:\/\/horkaytamas.sk\/wp-content\/uploads\/2021\/01\/kp_2011-01.jpg\",\"link\":\"https:\/\/horkaytamas.sk\/hu\/kp_2011-01-2\/\",\"alt\":\"\",\"description\":\"\",\"caption\":\"\",\"mime\":\"image\/jpeg\",\"type\":\"image\",\"width\":800,\"height\":600,\"sizes\":{\"thumbnail\":{\"height\":150,\"width\":150,\"url\":\"https:\/\/horkaytamas.sk\/wp-content\/uploads\/2021\/01\/kp_2011-01-150x150.jpg\",\"orientation\":\"landscape\"},\"medium\":{\"height\":225,\"width\":300,\"url\":\"https:\/\/horkaytamas.sk\/wp-content\/uploads\/2021\/01\/kp_2011-01-300x225.jpg\",\"orientation\":\"landscape\"},\"full\":{\"url\":\"https:\/\/horkaytamas.sk\/wp-content\/uploads\/2021\/01\/kp_2011-01.jpg\",\"height\":600,\"width\":800,\"orientation\":\"landscape\"}},\"meta\":false},{\"id\":1064,\"title\":\"kp_2011-02\",\"url\":\"https:\/\/horkaytamas.sk\/wp-content\/uploads\/2021\/01\/kp_2011-02.jpg\",\"link\":\"https:\/\/horkaytamas.sk\/hu\/kp_2011-02-2\/\",\"alt\":\"\",\"description\":\"\",\"caption\":\"\",\"mime\":\"image\/jpeg\",\"type\":\"image\",\"width\":800,\"height\":600,\"sizes\":{\"thumbnail\":{\"height\":150,\"width\":150,\"url\":\"https:\/\/horkaytamas.sk\/wp-content\/uploads\/2021\/01\/kp_2011-02-150x150.jpg\",\"orientation\":\"landscape\"},\"medium\":{\"height\":225,\"width\":300,\"url\":\"https:\/\/horkaytamas.sk\/wp-content\/uploads\/2021\/01\/kp_2011-02-300x225.jpg\",\"orientation\":\"landscape\"},\"full\":{\"url\":\"https:\/\/horkaytamas.sk\/wp-content\/uploads\/2021\/01\/kp_2011-02.jpg\",\"height\":600,\"width\":800,\"orientation\":\"landscape\"}},\"meta\":false},{\"id\":1066,\"title\":\"kp_2011-03\",\"url\":\"https:\/\/horkaytamas.sk\/wp-content\/uploads\/2021\/01\/kp_2011-03.jpg\",\"link\":\"https:\/\/horkaytamas.sk\/hu\/kp_2011-03-2\/\",\"alt\":\"\",\"description\":\"\",\"caption\":\"\",\"mime\":\"image\/jpeg\",\"type\":\"image\",\"width\":800,\"height\":600,\"sizes\":{\"thumbnail\":{\"height\":150,\"width\":150,\"url\":\"https:\/\/horkaytamas.sk\/wp-content\/uploads\/2021\/01\/kp_2011-03-150x150.jpg\",\"orientation\":\"landscape\"},\"medium\":{\"height\":225,\"width\":300,\"url\":\"https:\/\/horkaytamas.sk\/wp-content\/uploads\/2021\/01\/kp_2011-03-300x225.jpg\",\"orientation\":\"landscape\"},\"full\":{\"url\":\"https:\/\/horkaytamas.sk\/wp-content\/uploads\/2021\/01\/kp_2011-03.jpg\",\"height\":600,\"width\":800,\"orientation\":\"landscape\"}},\"meta\":false},{\"id\":1068,\"title\":\"kp_2011-04\",\"url\":\"https:\/\/horkaytamas.sk\/wp-content\/uploads\/2021\/01\/kp_2011-04.jpg\",\"link\":\"https:\/\/horkaytamas.sk\/hu\/kp_2011-04-2\/\",\"alt\":\"\",\"description\":\"\",\"caption\":\"04\",\"mime\":\"image\/jpeg\",\"type\":\"image\",\"width\":800,\"height\":600,\"sizes\":{\"thumbnail\":{\"height\":150,\"width\":150,\"url\":\"https:\/\/horkaytamas.sk\/wp-content\/uploads\/2021\/01\/kp_2011-04-150x150.jpg\",\"orientation\":\"landscape\"},\"medium\":{\"height\":225,\"width\":300,\"url\":\"https:\/\/horkaytamas.sk\/wp-content\/uploads\/2021\/01\/kp_2011-04-300x225.jpg\",\"orientation\":\"landscape\"},\"full\":{\"url\":\"https:\/\/horkaytamas.sk\/wp-content\/uploads\/2021\/01\/kp_2011-04.jpg\",\"height\":600,\"width\":800,\"orientation\":\"landscape\"}},\"meta\":false},{\"id\":1070,\"title\":\"kp_2011-05\",\"url\":\"https:\/\/horkaytamas.sk\/wp-content\/uploads\/2021\/01\/kp_2011-05.jpg\",\"link\":\"https:\/\/horkaytamas.sk\/hu\/kp_2011-05-2\/\",\"alt\":\"\",\"description\":\"\",\"caption\":\"\",\"mime\":\"image\/jpeg\",\"type\":\"image\",\"width\":800,\"height\":600,\"sizes\":{\"thumbnail\":{\"height\":150,\"width\":150,\"url\":\"https:\/\/horkaytamas.sk\/wp-content\/uploads\/2021\/01\/kp_2011-05-150x150.jpg\",\"orientation\":\"landscape\"},\"medium\":{\"height\":225,\"width\":300,\"url\":\"https:\/\/horkaytamas.sk\/wp-content\/uploads\/2021\/01\/kp_2011-05-300x225.jpg\",\"orientation\":\"landscape\"},\"full\":{\"url\":\"https:\/\/horkaytamas.sk\/wp-content\/uploads\/2021\/01\/kp_2011-05.jpg\",\"height\":600,\"width\":800,\"orientation\":\"landscape\"}},\"meta\":false},{\"id\":1072,\"title\":\"kp_2011-06\",\"url\":\"https:\/\/horkaytamas.sk\/wp-content\/uploads\/2021\/01\/kp_2011-06-e1612089020911.jpg\",\"link\":\"https:\/\/horkaytamas.sk\/hu\/kp_2011-06-2\/\",\"alt\":\"\",\"description\":\"\",\"caption\":\"\",\"mime\":\"image\/jpeg\",\"type\":\"image\",\"width\":600,\"height\":800,\"sizes\":{\"thumbnail\":{\"height\":150,\"width\":150,\"url\":\"https:\/\/horkaytamas.sk\/wp-content\/uploads\/2021\/01\/kp_2011-06-e1612089020911-150x150.jpg\",\"orientation\":\"landscape\"},\"medium\":{\"height\":300,\"width\":225,\"url\":\"https:\/\/horkaytamas.sk\/wp-content\/uploads\/2021\/01\/kp_2011-06-e1612089020911-225x300.jpg\",\"orientation\":\"portrait\"},\"full\":{\"url\":\"https:\/\/horkaytamas.sk\/wp-content\/uploads\/2021\/01\/kp_2011-06-e1612089020911.jpg\",\"height\":800,\"width\":600,\"orientation\":\"portrait\"}},\"meta\":false},{\"id\":1074,\"title\":\"kp_2011-07\",\"url\":\"https:\/\/horkaytamas.sk\/wp-content\/uploads\/2021\/01\/kp_2011-07.jpg\",\"link\":\"https:\/\/horkaytamas.sk\/hu\/kp_2011-07-2\/\",\"alt\":\"\",\"description\":\"\",\"caption\":\"\",\"mime\":\"image\/jpeg\",\"type\":\"image\",\"width\":800,\"height\":600,\"sizes\":{\"thumbnail\":{\"height\":150,\"width\":150,\"url\":\"https:\/\/horkaytamas.sk\/wp-content\/uploads\/2021\/01\/kp_2011-07-150x150.jpg\",\"orientation\":\"landscape\"},\"medium\":{\"height\":225,\"width\":300,\"url\":\"https:\/\/horkaytamas.sk\/wp-content\/uploads\/2021\/01\/kp_2011-07-300x225.jpg\",\"orientation\":\"landscape\"},\"full\":{\"url\":\"https:\/\/horkaytamas.sk\/wp-content\/uploads\/2021\/01\/kp_2011-07.jpg\",\"height\":600,\"width\":800,\"orientation\":\"landscape\"}},\"meta\":false},{\"id\":1076,\"title\":\"kp_2011-08\",\"url\":\"https:\/\/horkaytamas.sk\/wp-content\/uploads\/2021\/01\/kp_2011-08.jpg\",\"link\":\"https:\/\/horkaytamas.sk\/hu\/kp_2011-08-2\/\",\"alt\":\"\",\"description\":\"\",\"caption\":\"\",\"mime\":\"image\/jpeg\",\"type\":\"image\",\"width\":800,\"height\":600,\"sizes\":{\"thumbnail\":{\"height\":150,\"width\":150,\"url\":\"https:\/\/horkaytamas.sk\/wp-content\/uploads\/2021\/01\/kp_2011-08-150x150.jpg\",\"orientation\":\"landscape\"},\"medium\":{\"height\":225,\"width\":300,\"url\":\"https:\/\/horkaytamas.sk\/wp-content\/uploads\/2021\/01\/kp_2011-08-300x225.jpg\",\"orientation\":\"landscape\"},\"full\":{\"url\":\"https:\/\/horkaytamas.sk\/wp-content\/uploads\/2021\/01\/kp_2011-08.jpg\",\"height\":600,\"width\":800,\"orientation\":\"landscape\"}},\"meta\":false},{\"id\":1078,\"title\":\"kp_2011-09\",\"url\":\"https:\/\/horkaytamas.sk\/wp-content\/uploads\/2021\/01\/kp_2011-09.jpg\",\"link\":\"https:\/\/horkaytamas.sk\/hu\/kp_2011-09-2\/\",\"alt\":\"\",\"description\":\"\",\"caption\":\"\",\"mime\":\"image\/jpeg\",\"type\":\"image\",\"width\":800,\"height\":600,\"sizes\":{\"thumbnail\":{\"height\":150,\"width\":150,\"url\":\"https:\/\/horkaytamas.sk\/wp-content\/uploads\/2021\/01\/kp_2011-09-150x150.jpg\",\"orientation\":\"landscape\"},\"medium\":{\"height\":225,\"width\":300,\"url\":\"https:\/\/horkaytamas.sk\/wp-content\/uploads\/2021\/01\/kp_2011-09-300x225.jpg\",\"orientation\":\"landscape\"},\"full\":{\"url\":\"https:\/\/horkaytamas.sk\/wp-content\/uploads\/2021\/01\/kp_2011-09.jpg\",\"height\":600,\"width\":800,\"orientation\":\"landscape\"}},\"meta\":false},{\"id\":1080,\"title\":\"kp_2011-10\",\"url\":\"https:\/\/horkaytamas.sk\/wp-content\/uploads\/2021\/01\/kp_2011-10.jpg\",\"link\":\"https:\/\/horkaytamas.sk\/hu\/kp_2011-10-2\/\",\"alt\":\"\",\"description\":\"\",\"caption\":\"\",\"mime\":\"image\/jpeg\",\"type\":\"image\",\"width\":800,\"height\":600,\"sizes\":{\"thumbnail\":{\"height\":150,\"width\":150,\"url\":\"https:\/\/horkaytamas.sk\/wp-content\/uploads\/2021\/01\/kp_2011-10-150x150.jpg\",\"orientation\":\"landscape\"},\"medium\":{\"height\":225,\"width\":300,\"url\":\"https:\/\/horkaytamas.sk\/wp-content\/uploads\/2021\/01\/kp_2011-10-300x225.jpg\",\"orientation\":\"landscape\"},\"full\":{\"url\":\"https:\/\/horkaytamas.sk\/wp-content\/uploads\/2021\/01\/kp_2011-10.jpg\",\"height\":600,\"width\":800,\"orientation\":\"landscape\"}},\"meta\":false},{\"id\":1082,\"title\":\"kp_2011-11\",\"url\":\"https:\/\/horkaytamas.sk\/wp-content\/uploads\/2021\/01\/kp_2011-11.jpg\",\"link\":\"https:\/\/horkaytamas.sk\/hu\/kp_2011-11-2\/\",\"alt\":\"\",\"description\":\"\",\"caption\":\"\",\"mime\":\"image\/jpeg\",\"type\":\"image\",\"width\":800,\"height\":600,\"sizes\":{\"thumbnail\":{\"height\":150,\"width\":150,\"url\":\"https:\/\/horkaytamas.sk\/wp-content\/uploads\/2021\/01\/kp_2011-11-150x150.jpg\",\"orientation\":\"landscape\"},\"medium\":{\"height\":225,\"width\":300,\"url\":\"https:\/\/horkaytamas.sk\/wp-content\/uploads\/2021\/01\/kp_2011-11-300x225.jpg\",\"orientation\":\"landscape\"},\"full\":{\"url\":\"https:\/\/horkaytamas.sk\/wp-content\/uploads\/2021\/01\/kp_2011-11.jpg\",\"height\":600,\"width\":800,\"orientation\":\"landscape\"}},\"meta\":false},{\"id\":1084,\"title\":\"kp_2011-12\",\"url\":\"https:\/\/horkaytamas.sk\/wp-content\/uploads\/2021\/01\/kp_2011-12.jpg\",\"link\":\"https:\/\/horkaytamas.sk\/hu\/kp_2011-12-2\/\",\"alt\":\"\",\"description\":\"\",\"caption\":\"\",\"mime\":\"image\/jpeg\",\"type\":\"image\",\"width\":800,\"height\":600,\"sizes\":{\"thumbnail\":{\"height\":150,\"width\":150,\"url\":\"https:\/\/horkaytamas.sk\/wp-content\/uploads\/2021\/01\/kp_2011-12-150x150.jpg\",\"orientation\":\"landscape\"},\"medium\":{\"height\":225,\"width\":300,\"url\":\"https:\/\/horkaytamas.sk\/wp-content\/uploads\/2021\/01\/kp_2011-12-300x225.jpg\",\"orientation\":\"landscape\"},\"full\":{\"url\":\"https:\/\/horkaytamas.sk\/wp-content\/uploads\/2021\/01\/kp_2011-12.jpg\",\"height\":600,\"width\":800,\"orientation\":\"landscape\"}},\"meta\":false},{\"id\":1086,\"title\":\"kp_2011-13\",\"url\":\"https:\/\/horkaytamas.sk\/wp-content\/uploads\/2021\/01\/kp_2011-13.jpg\",\"link\":\"https:\/\/horkaytamas.sk\/hu\/kp_2011-13-2\/\",\"alt\":\"\",\"description\":\"\",\"caption\":\"\",\"mime\":\"image\/jpeg\",\"type\":\"image\",\"width\":800,\"height\":600,\"sizes\":{\"thumbnail\":{\"height\":150,\"width\":150,\"url\":\"https:\/\/horkaytamas.sk\/wp-content\/uploads\/2021\/01\/kp_2011-13-150x150.jpg\",\"orientation\":\"landscape\"},\"medium\":{\"height\":225,\"width\":300,\"url\":\"https:\/\/horkaytamas.sk\/wp-content\/uploads\/2021\/01\/kp_2011-13-300x225.jpg\",\"orientation\":\"landscape\"},\"full\":{\"url\":\"https:\/\/horkaytamas.sk\/wp-content\/uploads\/2021\/01\/kp_2011-13.jpg\",\"height\":600,\"width\":800,\"orientation\":\"landscape\"}},\"meta\":false},{\"id\":1088,\"title\":\"kp_2011-14\",\"url\":\"https:\/\/horkaytamas.sk\/wp-content\/uploads\/2021\/01\/kp_2011-14.jpg\",\"link\":\"https:\/\/horkaytamas.sk\/hu\/kp_2011-14-2\/\",\"alt\":\"\",\"description\":\"\",\"caption\":\"\",\"mime\":\"image\/jpeg\",\"type\":\"image\",\"width\":800,\"height\":600,\"sizes\":{\"thumbnail\":{\"height\":150,\"width\":150,\"url\":\"https:\/\/horkaytamas.sk\/wp-content\/uploads\/2021\/01\/kp_2011-14-150x150.jpg\",\"orientation\":\"landscape\"},\"medium\":{\"height\":225,\"width\":300,\"url\":\"https:\/\/horkaytamas.sk\/wp-content\/uploads\/2021\/01\/kp_2011-14-300x225.jpg\",\"orientation\":\"landscape\"},\"full\":{\"url\":\"https:\/\/horkaytamas.sk\/wp-content\/uploads\/2021\/01\/kp_2011-14.jpg\",\"height\":600,\"width\":800,\"orientation\":\"landscape\"}},\"meta\":false},{\"id\":1090,\"title\":\"kp_2011-15\",\"url\":\"https:\/\/horkaytamas.sk\/wp-content\/uploads\/2021\/01\/kp_2011-15.jpg\",\"link\":\"https:\/\/horkaytamas.sk\/hu\/kp_2011-15-2\/\",\"alt\":\"\",\"description\":\"\",\"caption\":\"05\",\"mime\":\"image\/jpeg\",\"type\":\"image\",\"width\":800,\"height\":600,\"sizes\":{\"thumbnail\":{\"height\":150,\"width\":150,\"url\":\"https:\/\/horkaytamas.sk\/wp-content\/uploads\/2021\/01\/kp_2011-15-150x150.jpg\",\"orientation\":\"landscape\"},\"medium\":{\"height\":225,\"width\":300,\"url\":\"https:\/\/horkaytamas.sk\/wp-content\/uploads\/2021\/01\/kp_2011-15-300x225.jpg\",\"orientation\":\"landscape\"},\"full\":{\"url\":\"https:\/\/horkaytamas.sk\/wp-content\/uploads\/2021\/01\/kp_2011-15.jpg\",\"height\":600,\"width\":800,\"orientation\":\"landscape\"}},\"meta\":false},{\"id\":1060,\"title\":\"kp_2011-16\",\"url\":\"https:\/\/horkaytamas.sk\/wp-content\/uploads\/2021\/01\/kp_2011-16.jpg\",\"link\":\"https:\/\/horkaytamas.sk\/hu\/kp_2011-16-2\/\",\"alt\":\"\",\"description\":\"\",\"caption\":\"\",\"mime\":\"image\/jpeg\",\"type\":\"image\",\"width\":800,\"height\":600,\"sizes\":{\"thumbnail\":{\"height\":150,\"width\":150,\"url\":\"https:\/\/horkaytamas.sk\/wp-content\/uploads\/2021\/01\/kp_2011-16-150x150.jpg\",\"orientation\":\"landscape\"},\"medium\":{\"height\":225,\"width\":300,\"url\":\"https:\/\/horkaytamas.sk\/wp-content\/uploads\/2021\/01\/kp_2011-16-300x225.jpg\",\"orientation\":\"landscape\"},\"full\":{\"url\":\"https:\/\/horkaytamas.sk\/wp-content\/uploads\/2021\/01\/kp_2011-16.jpg\",\"height\":600,\"width\":800,\"orientation\":\"landscape\"}},\"meta\":false}],\"itemsMetaDataCollection\":[],\"tagsListCustomMode\":false,\"galleryTagsList\":[],\"useClobalSettings\":false,\"orderBy\":\"title\",\"skin\":\"grid\"}<\/script><script type=\"text\/javascript\">(function(){if(window.PGC_SGB && window.PGC_SGB.searcher){window.PGC_SGB.searcher.initBlocks()}})()<\/script><noscript><div class=\"simply-gallery-amp pgc_sgb_slider \"><div class=\"sgb-gallery\"><div class=\"sgb-item\"><a href=\"https:\/\/horkaytamas.sk\/wp-content\/uploads\/2021\/01\/kp_2011-01.jpg\"><img alt=\"\" width=\"300\" height=\"225\" loading=\"auto\" data-lazy-src=\"\" class=\"skip-lazy no-lazyload noLazy\" src=\"https:\/\/horkaytamas.sk\/wp-content\/uploads\/2021\/01\/kp_2011-01-300x225.jpg\"\/><\/a><\/div><div class=\"sgb-item\"><a href=\"https:\/\/horkaytamas.sk\/wp-content\/uploads\/2021\/01\/kp_2011-02.jpg\"><img alt=\"\" width=\"300\" height=\"225\" loading=\"auto\" data-lazy-src=\"\" class=\"skip-lazy no-lazyload noLazy\" src=\"https:\/\/horkaytamas.sk\/wp-content\/uploads\/2021\/01\/kp_2011-02-300x225.jpg\"\/><\/a><\/div><div class=\"sgb-item\"><a href=\"https:\/\/horkaytamas.sk\/wp-content\/uploads\/2021\/01\/kp_2011-03.jpg\"><img alt=\"\" width=\"300\" height=\"225\" loading=\"auto\" data-lazy-src=\"\" class=\"skip-lazy no-lazyload noLazy\" src=\"https:\/\/horkaytamas.sk\/wp-content\/uploads\/2021\/01\/kp_2011-03-300x225.jpg\"\/><\/a><\/div><div class=\"sgb-item\"><a href=\"https:\/\/horkaytamas.sk\/wp-content\/uploads\/2021\/01\/kp_2011-04.jpg\"><img alt=\"\" width=\"300\" height=\"225\" loading=\"auto\" data-lazy-src=\"\" class=\"skip-lazy no-lazyload noLazy\" src=\"https:\/\/horkaytamas.sk\/wp-content\/uploads\/2021\/01\/kp_2011-04-300x225.jpg\"\/><\/a><div class=\"sgb-item-caption\"><em>04<\/em><\/div><\/div><div class=\"sgb-item\"><a href=\"https:\/\/horkaytamas.sk\/wp-content\/uploads\/2021\/01\/kp_2011-05.jpg\"><img alt=\"\" width=\"300\" height=\"225\" loading=\"auto\" data-lazy-src=\"\" class=\"skip-lazy no-lazyload noLazy\" src=\"https:\/\/horkaytamas.sk\/wp-content\/uploads\/2021\/01\/kp_2011-05-300x225.jpg\"\/><\/a><\/div><div class=\"sgb-item\"><a href=\"https:\/\/horkaytamas.sk\/wp-content\/uploads\/2021\/01\/kp_2011-06-e1612089020911.jpg\"><img alt=\"\" width=\"225\" height=\"300\" loading=\"auto\" data-lazy-src=\"\" class=\"skip-lazy no-lazyload noLazy\" src=\"https:\/\/horkaytamas.sk\/wp-content\/uploads\/2021\/01\/kp_2011-06-e1612089020911-225x300.jpg\"\/><\/a><\/div><div class=\"sgb-item\"><a href=\"https:\/\/horkaytamas.sk\/wp-content\/uploads\/2021\/01\/kp_2011-07.jpg\"><img alt=\"\" width=\"300\" height=\"225\" loading=\"auto\" data-lazy-src=\"\" class=\"skip-lazy no-lazyload noLazy\" src=\"https:\/\/horkaytamas.sk\/wp-content\/uploads\/2021\/01\/kp_2011-07-300x225.jpg\"\/><\/a><\/div><div class=\"sgb-item\"><a href=\"https:\/\/horkaytamas.sk\/wp-content\/uploads\/2021\/01\/kp_2011-08.jpg\"><img alt=\"\" width=\"300\" height=\"225\" loading=\"auto\" data-lazy-src=\"\" class=\"skip-lazy no-lazyload noLazy\" src=\"https:\/\/horkaytamas.sk\/wp-content\/uploads\/2021\/01\/kp_2011-08-300x225.jpg\"\/><\/a><\/div><div class=\"sgb-item\"><a href=\"https:\/\/horkaytamas.sk\/wp-content\/uploads\/2021\/01\/kp_2011-09.jpg\"><img alt=\"\" width=\"300\" height=\"225\" loading=\"auto\" data-lazy-src=\"\" class=\"skip-lazy no-lazyload noLazy\" src=\"https:\/\/horkaytamas.sk\/wp-content\/uploads\/2021\/01\/kp_2011-09-300x225.jpg\"\/><\/a><\/div><div class=\"sgb-item\"><a href=\"https:\/\/horkaytamas.sk\/wp-content\/uploads\/2021\/01\/kp_2011-10.jpg\"><img alt=\"\" width=\"300\" height=\"225\" loading=\"auto\" data-lazy-src=\"\" class=\"skip-lazy no-lazyload noLazy\" src=\"https:\/\/horkaytamas.sk\/wp-content\/uploads\/2021\/01\/kp_2011-10-300x225.jpg\"\/><\/a><\/div><div class=\"sgb-item\"><a href=\"https:\/\/horkaytamas.sk\/wp-content\/uploads\/2021\/01\/kp_2011-11.jpg\"><img alt=\"\" width=\"300\" height=\"225\" loading=\"auto\" data-lazy-src=\"\" class=\"skip-lazy no-lazyload noLazy\" src=\"https:\/\/horkaytamas.sk\/wp-content\/uploads\/2021\/01\/kp_2011-11-300x225.jpg\"\/><\/a><\/div><div class=\"sgb-item\"><a href=\"https:\/\/horkaytamas.sk\/wp-content\/uploads\/2021\/01\/kp_2011-12.jpg\"><img alt=\"\" width=\"300\" height=\"225\" loading=\"auto\" data-lazy-src=\"\" class=\"skip-lazy no-lazyload noLazy\" src=\"https:\/\/horkaytamas.sk\/wp-content\/uploads\/2021\/01\/kp_2011-12-300x225.jpg\"\/><\/a><\/div><div class=\"sgb-item\"><a href=\"https:\/\/horkaytamas.sk\/wp-content\/uploads\/2021\/01\/kp_2011-13.jpg\"><img alt=\"\" width=\"300\" height=\"225\" loading=\"auto\" data-lazy-src=\"\" class=\"skip-lazy no-lazyload noLazy\" src=\"https:\/\/horkaytamas.sk\/wp-content\/uploads\/2021\/01\/kp_2011-13-300x225.jpg\"\/><\/a><\/div><div class=\"sgb-item\"><a href=\"https:\/\/horkaytamas.sk\/wp-content\/uploads\/2021\/01\/kp_2011-14.jpg\"><img alt=\"\" width=\"300\" height=\"225\" loading=\"auto\" data-lazy-src=\"\" class=\"skip-lazy no-lazyload noLazy\" src=\"https:\/\/horkaytamas.sk\/wp-content\/uploads\/2021\/01\/kp_2011-14-300x225.jpg\"\/><\/a><\/div><div class=\"sgb-item\"><a href=\"https:\/\/horkaytamas.sk\/wp-content\/uploads\/2021\/01\/kp_2011-15.jpg\"><img alt=\"\" width=\"300\" height=\"225\" loading=\"auto\" data-lazy-src=\"\" class=\"skip-lazy no-lazyload noLazy\" src=\"https:\/\/horkaytamas.sk\/wp-content\/uploads\/2021\/01\/kp_2011-15-300x225.jpg\"\/><\/a><div class=\"sgb-item-caption\"><em>05<\/em><\/div><\/div><div class=\"sgb-item\"><a href=\"https:\/\/horkaytamas.sk\/wp-content\/uploads\/2021\/01\/kp_2011-16.jpg\"><img alt=\"\" width=\"300\" height=\"225\" loading=\"auto\" data-lazy-src=\"\" class=\"skip-lazy no-lazyload noLazy\" src=\"https:\/\/horkaytamas.sk\/wp-content\/uploads\/2021\/01\/kp_2011-16-300x225.jpg\"\/><\/a><\/div><\/div><\/div><\/noscript><noscript><style type=\"text\/css\">.sgb-preloader {display:none;}<\/style><\/noscript><div class=\"sgb-preloader\">\n\t<div class=\"sgb-square\" style=\"background:rgba(230,230,230,1)\"><\/div>\n\t<div class=\"sgb-square\" style=\"background:rgba(230,230,230,1)\"><\/div>\n\t<div class=\"sgb-square\" style=\"background:rgba(230,230,230,1)\"><\/div>\n\t<div class=\"sgb-square\" style=\"background:rgba(230,230,230,1)\"><\/div><\/div><\/div>","protected":false},"excerpt":{"rendered":"<p>A negyedik \u00d6sszefog\u00e1s Hangversenyt m\u00e1r Kass\u00e1ra k\u00f6lt\u00f6z\u00e9sem ut\u00e1n szerveztem &nbsp;\u2013 nem v\u00e9letlen teh\u00e1t, hogy ebben a v\u00e1rosban ker\u00fclt megrendez\u00e9sre. A szervez\u00e9sn\u00e9l egyed\u00fcl maradtam a MUSA&#8230;<\/p>\n<div class=\"more-link-wrapper\"><a class=\"more-link\" href=\"https:\/\/horkaytamas.sk\/hu\/osszefogas-hangverseny-2011\/\">Pokra\u010dova\u0165 v \u010d\u00edtan\u00ed<span class=\"screen-reader-text\">\u00d6sszefog\u00e1s Hangverseny 2011<\/span><\/a><\/div>\n","protected":false},"author":1,"featured_media":0,"parent":0,"menu_order":0,"comment_status":"closed","ping_status":"closed","template":"","meta":{"pgc_sgb_lightbox_settings":""},"_links":{"self":[{"href":"https:\/\/horkaytamas.sk\/hu\/wp-json\/wp\/v2\/pages\/1246"}],"collection":[{"href":"https:\/\/horkaytamas.sk\/hu\/wp-json\/wp\/v2\/pages"}],"about":[{"href":"https:\/\/horkaytamas.sk\/hu\/wp-json\/wp\/v2\/types\/page"}],"author":[{"embeddable":true,"href":"https:\/\/horkaytamas.sk\/hu\/wp-json\/wp\/v2\/users\/1"}],"replies":[{"embeddable":true,"href":"https:\/\/horkaytamas.sk\/hu\/wp-json\/wp\/v2\/comments?post=1246"}],"version-history":[{"count":7,"href":"https:\/\/horkaytamas.sk\/hu\/wp-json\/wp\/v2\/pages\/1246\/revisions"}],"predecessor-version":[{"id":1468,"href":"https:\/\/horkaytamas.sk\/hu\/wp-json\/wp\/v2\/pages\/1246\/revisions\/1468"}],"wp:attachment":[{"href":"https:\/\/horkaytamas.sk\/hu\/wp-json\/wp\/v2\/media?parent=1246"}],"curies":[{"name":"wp","href":"https:\/\/api.w.org\/{rel}","templated":true}]}}