{"id":1243,"date":"2021-01-25T10:04:00","date_gmt":"2021-01-25T09:04:00","guid":{"rendered":"https:\/\/horkaytamas.sk\/koncert-porozumenia-2010\/"},"modified":"2021-02-04T15:17:47","modified_gmt":"2021-02-04T14:17:47","slug":"osszefogas-hangverseny-2010","status":"publish","type":"page","link":"https:\/\/horkaytamas.sk\/hu\/osszefogas-hangverseny-2010\/","title":{"rendered":"\u00d6sszefog\u00e1s Hangverseny 2010"},"content":{"rendered":"\n<p>A harmadik \u00d6sszefog\u00e1s Hangverseny egy\u00e9rtelm\u0171en kakukktoj\u00e1s volt. El\u0151sz\u00f6r \u00e9s egyetlen alkalommal a rendezv\u00e9ny t\u00f6rt\u00e9net\u00e9ben a zongor\u00e1\u00e9 lett a f\u0151szerep, \u00e9spedig Schumann sz\u00fclet\u00e9s\u00e9nek akkori bicenten\u00e1rium\u00e1val \u00f6sszef\u00fcgg\u00e9sben. B\u00e1r eredeti sz\u00e1nd\u00e9kunk szerint a koncertet B\u00e1rtfa f\u0151ter\u00e9nek pomp\u00e1s k\u00f6rnyezet\u00e9ben szerett\u00fck volna megrendezni, s\u0151t mint open-air akci\u00f3t, \u00e9s m\u00e9g enn\u00e9l is t\u00f6bbet: Schumann teljes zongor\u00e1ra \u00edrt \u00e9letm\u0171v\u00e9t meg kellett volna hogy sz\u00f3laltassuk! Ezekr\u0151l a grandi\u00f3zus c\u00e9lkit\u0171z\u00e9sekr\u0151l v\u00e9g\u00fcl le kellett mondanunk. Figyelembe kellett venn\u00fcnk a realit\u00e1st \u00e9s \u00edgy a koncertet Pozsonyba, konkr\u00e9tan az Exn\u00e1r utcai m\u0171v\u00e9szeti alapiskola hangversenyterm\u00e9be helyezt\u00fck \u00e1t. Azonban \u00edgy is siker\u00fclt Schumann zongoramuzsik\u00e1j\u00e1b\u00f3l majd \u00f6t \u00f3r\u00e1t id\u0151rendi sorrendben megsz\u00f3laltatnunk sz\u00e1mos kiv\u00e1l\u00f3 szlov\u00e1k \u00e9s magyar zongorista el\u0151ad\u00e1s\u00e1ban (mindenekel\u0151tt Ida \u010cerneck\u00e1t \u00e9s F\u00fclei Bal\u00e1zst emeln\u00e9m ki). A pozsonyi Magyar Kultur\u00e1lis Int\u00e9zet is r\u00e9szt vett a rendezv\u00e9ny lebonyol\u00edt\u00e1s\u00e1ban (ez viszont utolj\u00e1ra t\u00f6rt\u00e9nt).&nbsp; A v\u00e9dn\u00f6k szerep\u00e9t a szlov\u00e1k parlament akkori eln\u00f6ke, Pavol Pa\u0161ka vette \u00e1t.<\/p>\n\n\n\n<p>A harmadik \u00d6sszefog\u00e1s Hangverseny minden adata az al\u00e1bbi anyagokban tal\u00e1lhat\u00f3.<\/p>\n\n\n\n<p><a href=\"\/wp-content\/uploads\/2021\/01\/kp2010_100621_program.pdf\" target=\"_blank\" rel=\"noreferrer noopener\">Itt t\u00f6ltheti le a koncert m\u0171sorf\u00fczet\u00e9t (szlov\u00e1k nyelven)<\/a><\/p>\n\n\n\n<p>Itt t\u00f6ltheti le a koncert plak\u00e1tj\u00e1t (szlov\u00e1k nyelven):<\/p>\n\n\n\n<figure class=\"wp-block-image size-large\"><a href=\"https:\/\/horkaytamas.sk\/wp-content\/uploads\/2021\/01\/kp2010_100621_plagat-scaled.jpg\"><img loading=\"lazy\" width=\"1024\" height=\"712\" src=\"https:\/\/horkaytamas.sk\/wp-content\/uploads\/2021\/01\/kp2010_100621_plagat-1024x712.jpg\" alt=\"\" class=\"wp-image-1154\" srcset=\"https:\/\/horkaytamas.sk\/wp-content\/uploads\/2021\/01\/kp2010_100621_plagat-1024x712.jpg 1024w, https:\/\/horkaytamas.sk\/wp-content\/uploads\/2021\/01\/kp2010_100621_plagat-300x209.jpg 300w, https:\/\/horkaytamas.sk\/wp-content\/uploads\/2021\/01\/kp2010_100621_plagat-768x534.jpg 768w, https:\/\/horkaytamas.sk\/wp-content\/uploads\/2021\/01\/kp2010_100621_plagat-1536x1069.jpg 1536w, https:\/\/horkaytamas.sk\/wp-content\/uploads\/2021\/01\/kp2010_100621_plagat-2048x1425.jpg 2048w\" sizes=\"(max-width: 1024px) 100vw, 1024px\" \/><\/a><\/figure>\n\n\n\n<p><\/p>\n","protected":false},"excerpt":{"rendered":"<p>A harmadik \u00d6sszefog\u00e1s Hangverseny egy\u00e9rtelm\u0171en kakukktoj\u00e1s volt. El\u0151sz\u00f6r \u00e9s egyetlen alkalommal a rendezv\u00e9ny t\u00f6rt\u00e9net\u00e9ben a zongor\u00e1\u00e9 lett a f\u0151szerep, \u00e9spedig Schumann sz\u00fclet\u00e9s\u00e9nek akkori bicenten\u00e1rium\u00e1val \u00f6sszef\u00fcgg\u00e9sben.&#8230;<\/p>\n<div class=\"more-link-wrapper\"><a class=\"more-link\" href=\"https:\/\/horkaytamas.sk\/hu\/osszefogas-hangverseny-2010\/\">Pokra\u010dova\u0165 v \u010d\u00edtan\u00ed<span class=\"screen-reader-text\">\u00d6sszefog\u00e1s Hangverseny 2010<\/span><\/a><\/div>\n","protected":false},"author":1,"featured_media":0,"parent":0,"menu_order":0,"comment_status":"closed","ping_status":"closed","template":"","meta":{"pgc_sgb_lightbox_settings":""},"_links":{"self":[{"href":"https:\/\/horkaytamas.sk\/hu\/wp-json\/wp\/v2\/pages\/1243"}],"collection":[{"href":"https:\/\/horkaytamas.sk\/hu\/wp-json\/wp\/v2\/pages"}],"about":[{"href":"https:\/\/horkaytamas.sk\/hu\/wp-json\/wp\/v2\/types\/page"}],"author":[{"embeddable":true,"href":"https:\/\/horkaytamas.sk\/hu\/wp-json\/wp\/v2\/users\/1"}],"replies":[{"embeddable":true,"href":"https:\/\/horkaytamas.sk\/hu\/wp-json\/wp\/v2\/comments?post=1243"}],"version-history":[{"count":2,"href":"https:\/\/horkaytamas.sk\/hu\/wp-json\/wp\/v2\/pages\/1243\/revisions"}],"predecessor-version":[{"id":1615,"href":"https:\/\/horkaytamas.sk\/hu\/wp-json\/wp\/v2\/pages\/1243\/revisions\/1615"}],"wp:attachment":[{"href":"https:\/\/horkaytamas.sk\/hu\/wp-json\/wp\/v2\/media?parent=1243"}],"curies":[{"name":"wp","href":"https:\/\/api.w.org\/{rel}","templated":true}]}}