{"id":1240,"date":"2021-01-25T10:03:01","date_gmt":"2021-01-25T09:03:01","guid":{"rendered":"https:\/\/horkaytamas.sk\/koncert-porozumenia-2009\/"},"modified":"2021-02-04T15:16:38","modified_gmt":"2021-02-04T14:16:38","slug":"osszefogas-hangverseny-2009","status":"publish","type":"page","link":"https:\/\/horkaytamas.sk\/hu\/osszefogas-hangverseny-2009\/","title":{"rendered":"\u00d6sszefog\u00e1s Hangverseny 2009"},"content":{"rendered":"\n<p>A m\u00e1sodik \u00d6sszefog\u00e1s Hangverseny az els\u0151 tartalmi \u00e9s eszmei fonal\u00e1t folytatta; igaz, nem volt \u00e9s nem is lehetett sz\u00f3 hasonl\u00f3 monumentalit\u00e1sr\u00f3l. Megmaradt els\u0151sorban a magyar-szlov\u00e1k kultur\u00e1lis p\u00e1rbesz\u00e9d gondolata k\u00e9t kit\u0171n\u0151 k\u00f3rusnak k\u00f6sz\u00f6nhet\u0151en: ezek a Debreceni Kod\u00e1ly K\u00f3rus \u00e9s az eperjesi Nostro Canto Vegyeskar. Berkesi S\u00e1ndor egy \u00e9vvel kor\u00e1bban a Psalmus Hungaricust dirig\u00e1lta \u00e9s most \u00fajra ell\u00e1togatott hozz\u00e1nk, de Tatiana Kani\u0161\u00e1kov\u00e1, az eperjesi k\u00f3rus karnagya sem volt n\u00e1lunk ismeretlen, hiszen 2008-ban az Ung-vid\u00e9ki Zenei Napokon a Iuventus Paedagogica n\u0151i kart vez\u00e9nyelte.<\/p>\n\n\n\n<p>A rendk\u00edv\u00fcl progressz\u00edv reperto\u00e1r kiz\u00e1r\u00f3lag a 20.sz\u00e1zadi zen\u00e9b\u0151l mer\u00edtett \u2013 term\u00e9szetesen a zeneszerz\u0151k is Szlov\u00e1ki\u00e1b\u00f3l \u00e9s Magyarorsz\u00e1gr\u00f3l sz\u00e1rmaztak. K\u00fcl\u00f6n\u00f6sen meghat\u00f3 volt a k\u00e9t k\u00f3rus k\u00f6z\u00f6s produkci\u00f3ja: a koncert elej\u00e9n elhangzott Eugen Sucho\u0148 Ak\u00e1 si mi kr\u00e1sna (Mily sz\u00e9p vagy nekem) cim\u0171 m\u0171ve, a v\u00e9g\u00e9n pedig Kod\u00e1ly Esti dala.&nbsp; B\u00e1r a m\u0171sor majd k\u00e9t \u00f3r\u00e1ig tartott, senkit sem untatott, mert szavalatok (Germ\u00e1n \u00c9va) \u00e9s k\u00eds\u00e9r\u0151sz\u00f6veg f\u0171szerezt\u00e9k. A koncert helysz\u00edn\u00e9nek Lelesz k\u00f6zs\u00e9get v\u00e1lasztottuk, amely Nagykapos \u00e9s Kir\u00e1lyhelmec k\u00f6z\u00f6tt f\u00e9l\u00faton tal\u00e1lhat\u00f3: a falub\u00e9liek nem okoztak csal\u00f3d\u00e1st \u00e9s alaposan megt\u00f6lt\u00f6tt\u00e9k az ottani r\u00f3mai katolikus templomot. &nbsp;Aminek k\u00fcl\u00f6n\u00f6sen \u00f6r\u00fclt\u00fcnk, J\u00e1n Fige\u013e uni\u00f3s biztos \u00fajra elfogadta a v\u00e9dn\u00f6ks\u00e9gi felk\u00e9r\u00e9st.<\/p>\n\n\n\n<p>A m\u00e1sodik \u00d6sszefog\u00e1s Hangverseny minden adata az al\u00e1bbi anyagokban tal\u00e1lhat\u00f3.<\/p>\n\n\n\n<p><a href=\"\/wp-content\/uploads\/2021\/01\/kp2009_01_HU-SK_skladacka.pdf\" target=\"_blank\" rel=\"noreferrer noopener\">Itt t\u00f6ltheti le a koncert m\u0171sorf\u00fczet\u00e9t<\/a><\/p>\n\n\n\n<p>Itt t\u00f6ltheti le a koncert plak\u00e1tj\u00e1t:<\/p>\n\n\n\n<figure class=\"wp-block-image size-large\"><a href=\"https:\/\/horkaytamas.sk\/wp-content\/uploads\/2021\/01\/kp2009_02_HU-SK_plakat_A2-scaled.jpg\"><img loading=\"lazy\" width=\"1024\" height=\"728\" src=\"https:\/\/horkaytamas.sk\/wp-content\/uploads\/2021\/01\/kp2009_02_HU-SK_plakat_A2-1024x728.jpg\" alt=\"\" class=\"wp-image-1148\" srcset=\"https:\/\/horkaytamas.sk\/wp-content\/uploads\/2021\/01\/kp2009_02_HU-SK_plakat_A2-1024x728.jpg 1024w, https:\/\/horkaytamas.sk\/wp-content\/uploads\/2021\/01\/kp2009_02_HU-SK_plakat_A2-300x213.jpg 300w, https:\/\/horkaytamas.sk\/wp-content\/uploads\/2021\/01\/kp2009_02_HU-SK_plakat_A2-768x546.jpg 768w, https:\/\/horkaytamas.sk\/wp-content\/uploads\/2021\/01\/kp2009_02_HU-SK_plakat_A2-1536x1092.jpg 1536w, https:\/\/horkaytamas.sk\/wp-content\/uploads\/2021\/01\/kp2009_02_HU-SK_plakat_A2-2048x1456.jpg 2048w\" sizes=\"(max-width: 1024px) 100vw, 1024px\" \/><\/a><\/figure>\n\n\n\n<p><a rel=\"noreferrer noopener\" href=\"\/wp-content\/uploads\/2021\/01\/kp2009_03_HU-SK_text_pre_moderatorov.pdf\" target=\"_blank\">Itt olvashatja el a kis\u00e9r\u0151sz\u00f6veget<\/a><\/p>\n\n\n\n<p><a rel=\"noreferrer noopener\" href=\"\/wp-content\/uploads\/2021\/01\/kp2009_04_clanok.pdf\" target=\"_blank\">Itt olvashatja el a ZeneSz\u00f3 r\u00e9sz\u00e9re \u00edrt cikkemet<\/a><\/p>\n","protected":false},"excerpt":{"rendered":"<p>A m\u00e1sodik \u00d6sszefog\u00e1s Hangverseny az els\u0151 tartalmi \u00e9s eszmei fonal\u00e1t folytatta; igaz, nem volt \u00e9s nem is lehetett sz\u00f3 hasonl\u00f3 monumentalit\u00e1sr\u00f3l. Megmaradt els\u0151sorban a magyar-szlov\u00e1k&#8230;<\/p>\n<div class=\"more-link-wrapper\"><a class=\"more-link\" href=\"https:\/\/horkaytamas.sk\/hu\/osszefogas-hangverseny-2009\/\">Pokra\u010dova\u0165 v \u010d\u00edtan\u00ed<span class=\"screen-reader-text\">\u00d6sszefog\u00e1s Hangverseny 2009<\/span><\/a><\/div>\n","protected":false},"author":1,"featured_media":0,"parent":0,"menu_order":0,"comment_status":"closed","ping_status":"closed","template":"","meta":{"pgc_sgb_lightbox_settings":""},"_links":{"self":[{"href":"https:\/\/horkaytamas.sk\/hu\/wp-json\/wp\/v2\/pages\/1240"}],"collection":[{"href":"https:\/\/horkaytamas.sk\/hu\/wp-json\/wp\/v2\/pages"}],"about":[{"href":"https:\/\/horkaytamas.sk\/hu\/wp-json\/wp\/v2\/types\/page"}],"author":[{"embeddable":true,"href":"https:\/\/horkaytamas.sk\/hu\/wp-json\/wp\/v2\/users\/1"}],"replies":[{"embeddable":true,"href":"https:\/\/horkaytamas.sk\/hu\/wp-json\/wp\/v2\/comments?post=1240"}],"version-history":[{"count":2,"href":"https:\/\/horkaytamas.sk\/hu\/wp-json\/wp\/v2\/pages\/1240\/revisions"}],"predecessor-version":[{"id":1614,"href":"https:\/\/horkaytamas.sk\/hu\/wp-json\/wp\/v2\/pages\/1240\/revisions\/1614"}],"wp:attachment":[{"href":"https:\/\/horkaytamas.sk\/hu\/wp-json\/wp\/v2\/media?parent=1240"}],"curies":[{"name":"wp","href":"https:\/\/api.w.org\/{rel}","templated":true}]}}