{"id":1226,"date":"2021-01-24T17:27:57","date_gmt":"2021-01-24T16:27:57","guid":{"rendered":"https:\/\/horkaytamas.sk\/hudobne-dni-pouzia-2011\/"},"modified":"2021-01-31T20:18:42","modified_gmt":"2021-01-31T19:18:42","slug":"ung-videki-zenei-napok-2011","status":"publish","type":"page","link":"https:\/\/horkaytamas.sk\/hu\/ung-videki-zenei-napok-2011\/","title":{"rendered":"Ung-vid\u00e9ki Zenei Napok 2011"},"content":{"rendered":"\n<p>Az Ung-vid\u00e9ki Zenei Napok hatodik \u00e9vfolyama lett a fesztiv\u00e1l hatty\u00fadala. Mivel pont abban az \u00e9vben Kass\u00e1ra k\u00f6lt\u00f6ztem, ahol \u00faj munk\u00e1t is tal\u00e1ltam, majd sz\u00e1zkilom\u00e9teres t\u00e1vols\u00e1gb\u00f3l m\u00e1r nem lehetett hat\u00e9konyan tervezni \u00e9s ir\u00e1ny\u00edtani a zenei fesztiv\u00e1l bonyolult organizmus\u00e1t. A koncertek sz\u00e1ma n\u00e9gyre cs\u00f6kkent \u2013 az \u00f6t\u00f6dik akci\u00f3 a Mahler-centen\u00e1rium alkalm\u00e1b\u00f3l megtartott el\u0151ad\u00e1som volt a rendezv\u00e9nysorozat z\u00e1r\u00f3akkordjak\u00e9nt. A finansz\u00edroz\u00e1st ez\u00fattal a Zenei Alapnak k\u00f6sz\u00f6nhett\u00fck. A fesztiv\u00e1l helysz\u00ednei k\u00f6z\u00fcl kett\u0151 tal\u00e1lhat\u00f3 az Ung-vid\u00e9ken (Nagykapos, Szir\u00e9nfalva), kett\u0151 a Bodrogk\u00f6zben (Kir\u00e1lyhelmec, Bodrogszerdahely), egy pedig S\u00e1toralja\u00fajhelyen \u2013 k\u00f6zvetlen a magyar-szlov\u00e1k hat\u00e1r t\u00faloldal\u00e1n.<\/p>\n\n\n\n<p>A n\u00e9gy okt\u00f3beri koncerten a k\u00f6vetkez\u0151 m\u0171v\u00e9szek l\u00e9ptek fel:<\/p>\n\n\n\n<ul><li>M\u00e1rkus Judit \u00e9s T\u00f3bisz Titusz \u2013 \u00e9nek<\/li><li>Domb\u00f3v\u00e1ri J\u00e1nos \u00e9s Szab\u00f3 S\u00e1ndor \u2013 heged\u0171, br\u00e1csa<\/li><li>Juh\u00e1sz Tam\u00e1s \u2013 zongora<\/li><li>R\u00e1k\u00f3czi Ferenc Gyermekk\u00f3rus, Balla Vikt\u00f3ria karnagy<\/li><\/ul>\n\n\n\n<p>A sz\u0171k\u00f6s k\u00f6lts\u00e9gvet\u00e9snek is k\u00f6sz\u00f6nhet\u0151en nyitottunk a k\u00f6nnyebb m\u00fazsa fel\u00e9 \u00e9s Szir\u00e9nfalv\u00e1n musical-estet rendezt\u00fcnk. Domb\u00f3v\u00e1ri J\u00e1nos, aki m\u00e1r harmadszor szerepelt a zenei napokon, Szab\u00f3 S\u00e1ndorral egy\u00fctt Bart\u00f3k B\u00e9la \u00e9s Lavotta J\u00e1nos heged\u0171(-br\u00e1csa) du\u00f3it adta el\u0151; Juh\u00e1sz Tam\u00e1s zongoraestj\u00e9vel a Liszt-bicenten\u00e1riumra reflekt\u00e1lt Kir\u00e1lyhelmecen. Tov\u00e1bb\u00e1 a Bodrogk\u00f6z \u201eifj\u00fa zenei csillagai\u201d is teret kaptak. N\u00e9mi k\u00e9s\u00e9ssel, csak november v\u00e9g\u00e9n fejeztem be a fesztiv\u00e1lt az eml\u00edtett Mahler-el\u0151ad\u00e1ssal S\u00e1toralj\u00fajhelyen. M\u00e1r akkor sejthett\u00fck, hogy ez nem csak a fesztiv\u00e1l ezen \u00e9vfolyam\u00e1nak a v\u00e9g\u00e9t jelentette.<\/p>\n\n\n\n<p><a rel=\"noreferrer noopener\" href=\"\/wp-content\/uploads\/2021\/01\/hdp2011_letak_HU-SK.pdf\" target=\"_blank\">Itt t\u00f6ltheti le a fesztiv\u00e1l r\u00f6plapj\u00e1t<\/a><\/p>\n\n\n\n<p>Itt tekintheti meg Lavotta J\u00e1nos egyik du\u00f3j\u00e1t Domb\u00f3v\u00e1ri J\u00e1nos \u00e9s Szab\u00f3 S\u00e1ndor el\u0151ad\u00e1s\u00e1ban:<\/p>\n\n\n\n<figure class=\"wp-block-embed is-type-video is-provider-youtube wp-block-embed-youtube wp-embed-aspect-4-3 wp-has-aspect-ratio\"><div class=\"wp-block-embed__wrapper\">\n<iframe loading=\"lazy\" title=\"Lavotta J\u00e1nos: Hat magyar heged\u0171du\u00f3 Op.22. Nr.3. Ung-region Music Days 2011\" width=\"500\" height=\"375\" src=\"https:\/\/www.youtube.com\/embed\/Jl5t8jDy9M4?feature=oembed\" frameborder=\"0\" allow=\"accelerometer; autoplay; clipboard-write; encrypted-media; gyroscope; picture-in-picture\" allowfullscreen><\/iframe>\n<\/div><\/figure>\n\n\n\n<p>Itt tekintheti meg Liszt Ferenc Wilde Jagd c. darabj\u00e1t Juh\u00e1sz Tam\u00e1s el\u0151ad\u00e1s\u00e1ban:<\/p>\n\n\n\n<figure class=\"wp-block-embed is-type-video is-provider-youtube wp-block-embed-youtube wp-embed-aspect-4-3 wp-has-aspect-ratio\"><div class=\"wp-block-embed__wrapper\">\n<iframe loading=\"lazy\" title=\"Liszt: Wilde Jagd. Tam\u00e1s Juh\u00e1sz, Ung-region Music Days 2011\" width=\"500\" height=\"375\" src=\"https:\/\/www.youtube.com\/embed\/tmcb5Yb9OW0?feature=oembed\" frameborder=\"0\" allow=\"accelerometer; autoplay; clipboard-write; encrypted-media; gyroscope; picture-in-picture\" allowfullscreen><\/iframe>\n<\/div><\/figure>\n","protected":false},"excerpt":{"rendered":"<p>Az Ung-vid\u00e9ki Zenei Napok hatodik \u00e9vfolyama lett a fesztiv\u00e1l hatty\u00fadala. Mivel pont abban az \u00e9vben Kass\u00e1ra k\u00f6lt\u00f6ztem, ahol \u00faj munk\u00e1t is tal\u00e1ltam, majd sz\u00e1zkilom\u00e9teres t\u00e1vols\u00e1gb\u00f3l&#8230;<\/p>\n<div class=\"more-link-wrapper\"><a class=\"more-link\" href=\"https:\/\/horkaytamas.sk\/hu\/ung-videki-zenei-napok-2011\/\">Pokra\u010dova\u0165 v \u010d\u00edtan\u00ed<span class=\"screen-reader-text\">Ung-vid\u00e9ki Zenei Napok 2011<\/span><\/a><\/div>\n","protected":false},"author":1,"featured_media":0,"parent":0,"menu_order":0,"comment_status":"closed","ping_status":"closed","template":"","meta":{"pgc_sgb_lightbox_settings":""},"_links":{"self":[{"href":"https:\/\/horkaytamas.sk\/hu\/wp-json\/wp\/v2\/pages\/1226"}],"collection":[{"href":"https:\/\/horkaytamas.sk\/hu\/wp-json\/wp\/v2\/pages"}],"about":[{"href":"https:\/\/horkaytamas.sk\/hu\/wp-json\/wp\/v2\/types\/page"}],"author":[{"embeddable":true,"href":"https:\/\/horkaytamas.sk\/hu\/wp-json\/wp\/v2\/users\/1"}],"replies":[{"embeddable":true,"href":"https:\/\/horkaytamas.sk\/hu\/wp-json\/wp\/v2\/comments?post=1226"}],"version-history":[{"count":4,"href":"https:\/\/horkaytamas.sk\/hu\/wp-json\/wp\/v2\/pages\/1226\/revisions"}],"predecessor-version":[{"id":1514,"href":"https:\/\/horkaytamas.sk\/hu\/wp-json\/wp\/v2\/pages\/1226\/revisions\/1514"}],"wp:attachment":[{"href":"https:\/\/horkaytamas.sk\/hu\/wp-json\/wp\/v2\/media?parent=1226"}],"curies":[{"name":"wp","href":"https:\/\/api.w.org\/{rel}","templated":true}]}}