{"id":1220,"date":"2021-01-24T17:25:54","date_gmt":"2021-01-24T16:25:54","guid":{"rendered":"https:\/\/horkaytamas.sk\/hudobne-dni-pouzia-2009\/"},"modified":"2021-01-31T20:14:56","modified_gmt":"2021-01-31T19:14:56","slug":"ung-videki-zenei-napok-2009","status":"publish","type":"page","link":"https:\/\/horkaytamas.sk\/hu\/ung-videki-zenei-napok-2009\/","title":{"rendered":"Ung-vid\u00e9ki Zenei Napok 2009"},"content":{"rendered":"\n<p>Ez az \u00e9vfolyam volt az el\u0151ad\u00f3m\u0171v\u00e9szi szt\u00e1rokat illet\u0151en a leggazdagabb. \u00dajra ell\u00e1togatott hozz\u00e1nk Szab\u00f3 D\u00e9nes, a ny\u00edregyh\u00e1zi karnagy-var\u00e1zsl\u00f3, Ivan Gajan zongoram\u0171v\u00e9sz, aki k\u00e9t koncertet is adott \u00e9s imm\u00e1r harmadszorra Dana Le\u0161\u010denkov\u00e1 \u00e9nekm\u0171v\u00e9sz (igaz, mindig m\u00e1s csoportosul\u00e1s tagjak\u00e9nt). A szponzorokhoz Budapest F\u0151v\u00e1ros \u00d6nkorm\u00e1nyzata is csatlakozott, aki a Bart\u00f3k Von\u00f3sn\u00e9gyes fell\u00e9p\u00e9s\u00e9t k\u00f6zvet\u00edtette. Mint hagyom\u00e1nyos szponzort kell megeml\u00edteni a Szlov\u00e1k Er\u0151m\u0171vek \u2013 Enel v\u00e1llalatot. A koncertek sz\u00e1ma t\u00edzre b\u0151v\u00fclt, ami a fesztiv\u00e1l t\u00f6rt\u00e9net\u00e9ben nem lett t\u00falsz\u00e1rnyalva.<\/p>\n\n\n\n<p>Mivel az Ung-vid\u00e9ki Zenei Napok\u00b42009 okt\u00f3berben ker\u00fclt megrendez\u00e9sre \u00e9s j\u00faliusban fel\u00e1lltam a Nagykaposi M\u0171v\u00e9szeti Alapiskola igazgat\u00f3i sz\u00e9k\u00e9b\u0151l (\u00e9s a r\u00e9gi-\u00faj vezet\u00e9s nem lelkesedett az egy\u00fcttm\u0171k\u00f6d\u00e9s\u00e9rt, azon t\u00fal, hogy egy koncert erej\u00e9ig rendelkez\u00e9sre bocs\u00e1totta az iskola hangversenyterm\u00e9t), fontos szervez\u00e9si h\u00e1tt\u00e9rr\u0151l kellett lemondanunk. Ann\u00e1l ink\u00e1bb illend\u0151 megk\u00f6sz\u00f6nni a t\u00e1rsszervez\u0151k, legink\u00e1bb a Bodrogk\u00f6zi \u00e9s Ung-vid\u00e9ki Kultur\u00e1lis K\u00f6zpont seg\u00edts\u00e9g\u00e9t. A fesztiv\u00e1l helysz\u00edneit Bodrogk\u00f6zre is kiterjesztett\u00fck; Nagykaposon k\u00edv\u00fcl Csicserben, Mokcsamogyor\u00f3son, Kir\u00e1lyhelmecen, Szir\u00e9nfalv\u00e1n \u00e9s Bodrogszerdahelyen is sz\u00f3ltak az UZN hangjai.<\/p>\n\n\n\n<p>A fesztiv\u00e1lon a k\u00f6vetkez\u0151 m\u0171v\u00e9szek l\u00e9ptek fel (a koncertek id\u0151pontja szerint):<\/p>\n\n\n\n<ul><li>Bart\u00f3k Von\u00f3sn\u00e9gyes \u00e9s Jozef Podhoransk\u00fd \u2013 gordonka;<\/li><li>Pro Musica Le\u00e1nykar \u00e9s Szab\u00f3 D\u00e9nes karnagy;<\/li><li>Trevoce tri\u00f3;<\/li><li>Magyar Mel\u00f3di\u00e1k n\u00e9pi egy\u00fcttes Ungv\u00e1rr\u00f3l;<\/li><li>Zuzana Or\u00e1\u010dov\u00e1 \u2013 Peter Olej\u00e1r von\u00f3sdu\u00f3;<\/li><li>Musa ludens r\u00e9gi zenei egy\u00fcttes;<\/li><li>Ivan Gajan-zongora;<\/li><li>Tenerezza tri\u00f3;<\/li><li>Galovics R\u00f3bert \u2013 \u00e9nek \u00e9s Galovics R\u00e9ka \u2013 zongora.<\/li><\/ul>\n\n\n\n<p>A st\u00edlusok \u00e9s zs\u00e1nerek t\u00e1rh\u00e1za \u00fajra b\u0151v\u00fclt. Az \u00e9rdekl\u0151d\u0151k ell\u00e1togathattak 20.sz\u00e1zadi zenei koncertre, r\u00e9gi zenei m\u0171sorra korabeli hangszereken vagy stiliz\u00e1lt folkl\u00f3rra\u2026&nbsp; Jelent\u0151s dramaturgiai tett volt Schubert T\u00e9li utaz\u00e1s c. dalciklus\u00e1nak el\u0151ad\u00e1sa Galovics R\u00f3bert \u00e9s l\u00e1nya, Galovics R\u00e9ka j\u00f3volt\u00e1b\u00f3l. Eml\u00e9kezetesek maradnak tov\u00e1bb\u00e1 a Bart\u00f3k Von\u00f3sn\u00e9gyes \u00e9s Jozef Podhoransk\u00fd (\u00fajfent Schubert \u00e9s von\u00f3s\u00f6t\u00f6se), a fantasztikus Pro Musica Le\u00e1nykar \u00e9s a fenomen\u00e1lis Ivan Gajan fell\u00e9p\u00e9sei (aki vonz\u00f3 reperto\u00e1rj\u00e1t Nagykaposon \u00e9s Kir\u00e1lyhelmecen is elj\u00e1tszotta). Nemzetk\u00f6zi \u0151sbemutat\u00f3t is megint m\u0171sorra t\u0171zhett\u00fcnk, \u00e9spedig (lassan udvari zeneszerz\u0151nk) Norbert Bodn\u00e1r Kassai kett\u0151s\u00e9t az &nbsp;Or\u00e1\u010dov\u00e1-Olej\u00e1r von\u00f3sdu\u00f3 el\u0151ad\u00e1s\u00e1ban. Ne feledkezz\u00fcnk meg az ungv\u00e1ri Magyar Mel\u00f3di\u00e1kr\u00f3l sem, akik el\u0151sz\u00f6r vend\u00e9gszerepeltek Szlov\u00e1ki\u00e1ban! Ezen az \u00e9ven nagyon j\u00f3 sajt\u00f3nk volt &#8211; h\u00e1rom r\u00e1di\u00f3csatorna is foglalkozott a fesztiv\u00e1llal. Szem\u00e9lyes \u00e9rdekess\u00e9gk\u00e9nt jegyzem meg, hogy akkoriban hossz\u00fa t\u00e1v\u00fa betegszabads\u00e1gon voltam \u00e9s hivatalos \u00faton kellett a Szoci\u00e1lis Biztosit\u00f3ban elint\u00e9znem, hogy megl\u00e1togathassam \u201esaj\u00e1t\u201d koncertjeimet&#8230; &nbsp;<\/p>\n\n\n\n<p><a rel=\"noreferrer noopener\" href=\"\/wp-content\/uploads\/2021\/01\/hdp2009_01_buletin.pdf\" target=\"_blank\">Itt t\u00f6ltheti le a fesztiv\u00e1l k\u00e9tnyelv\u0171 m\u0171sorf\u00fczet\u00e9t<\/a><\/p>\n\n\n\n<p>Itt t\u00f6ltheti le a fesztiv\u00e1l plak\u00e1tj\u00e1t:<\/p>\n\n\n\n<figure class=\"wp-block-image size-full\"><a href=\"https:\/\/horkaytamas.sk\/wp-content\/uploads\/2021\/01\/hdp2009_02_plagat.jpg\"><img loading=\"lazy\" width=\"800\" height=\"566\" src=\"https:\/\/horkaytamas.sk\/wp-content\/uploads\/2021\/01\/hdp2009_02_plagat.jpg\" alt=\"\" class=\"wp-image-798\" srcset=\"https:\/\/horkaytamas.sk\/wp-content\/uploads\/2021\/01\/hdp2009_02_plagat.jpg 800w, https:\/\/horkaytamas.sk\/wp-content\/uploads\/2021\/01\/hdp2009_02_plagat-300x212.jpg 300w, https:\/\/horkaytamas.sk\/wp-content\/uploads\/2021\/01\/hdp2009_02_plagat-768x543.jpg 768w\" sizes=\"(max-width: 800px) 100vw, 800px\" \/><\/a><\/figure>\n\n\n\n<p>Itt tekinthet meg egy r\u00e9szletet Schubert C-d\u00far von\u00f3s\u00f6t\u00f6s\u00e9b\u0151l a Bart\u00f3k Von\u00f3sn\u00e9gyes \u00e9s Jozef Podhoransk\u00fd el\u0151ad\u00e1s\u00e1ban:<\/p>\n\n\n\n<figure class=\"wp-block-embed is-type-video is-provider-youtube wp-block-embed-youtube wp-embed-aspect-4-3 wp-has-aspect-ratio\"><div class=\"wp-block-embed__wrapper\">\n<iframe loading=\"lazy\" title=\"Schubert: String Quintet (promo). Bart\u00f3k Von\u00f3sn\u00e9gyes, J. Podhoransk\u00fd, Ung-vid\u00e9ki Zenei Napok 2009\" width=\"500\" height=\"375\" src=\"https:\/\/www.youtube.com\/embed\/PaBroP5AJWI?feature=oembed\" frameborder=\"0\" allow=\"accelerometer; autoplay; clipboard-write; encrypted-media; gyroscope; picture-in-picture\" allowfullscreen><\/iframe>\n<\/div><\/figure>\n\n\n\n<p>Itt hallgathatja meg Chopin h-moll szon\u00e1t\u00e1j\u00e1t Ivan Gajan el\u0151ad\u00e1s\u00e1ban:<\/p>\n\n\n\n<figure class=\"wp-block-embed is-type-video is-provider-youtube wp-block-embed-youtube wp-embed-aspect-4-3 wp-has-aspect-ratio\"><div class=\"wp-block-embed__wrapper\">\n<iframe loading=\"lazy\" title=\"Chopin: Sonata in B minor. Ivan Gajan, Ung-region Music Days 2009\" width=\"500\" height=\"375\" src=\"https:\/\/www.youtube.com\/embed\/SeDjV4yuiG8?feature=oembed\" frameborder=\"0\" allow=\"accelerometer; autoplay; clipboard-write; encrypted-media; gyroscope; picture-in-picture\" allowfullscreen><\/iframe>\n<\/div><\/figure>\n\n\n\n<p>Itt hallgathatja meg a P\u00e1tria R\u00e1di\u00f3 2009. okt\u00f3ber 4-i ad\u00e1s\u00e1t a fesztiv\u00e1lr\u00f3l:<\/p>\n\n\n\n<figure class=\"wp-block-embed is-type-rich is-provider-beagyazas-kezelo wp-block-embed-beagyazas-kezelo\"><div class=\"wp-block-embed__wrapper\">\n<!--[if lt IE 9]><script>document.createElement('audio');<\/script><![endif]-->\n<audio class=\"wp-audio-shortcode\" id=\"audio-1220-1\" preload=\"none\" style=\"width: 100%;\" controls=\"controls\"><source type=\"audio\/mpeg\" src=\"https:\/\/horkaytamas.sk\/wp-content\/uploads\/2021\/01\/hdp2009_091004_Patria.mp3?_=1\" \/><a href=\"https:\/\/horkaytamas.sk\/wp-content\/uploads\/2021\/01\/hdp2009_091004_Patria.mp3\">https:\/\/horkaytamas.sk\/wp-content\/uploads\/2021\/01\/hdp2009_091004_Patria.mp3<\/a><\/audio>\n<\/div><\/figure>\n\n\n\n<p><a rel=\"noreferrer noopener\" href=\"\/wp-content\/uploads\/2021\/01\/hdp2009_08_clanok_COPUS.pdf\" target=\"_blank\">Itt olvashatja el a Szabad \u00dajs\u00e1g r\u00e9sz\u00e9re \u00edrt cikkemet a fesztiv\u00e1lr\u00f3l<\/a><\/p>\n","protected":false},"excerpt":{"rendered":"<p>Ez az \u00e9vfolyam volt az el\u0151ad\u00f3m\u0171v\u00e9szi szt\u00e1rokat illet\u0151en a leggazdagabb. \u00dajra ell\u00e1togatott hozz\u00e1nk Szab\u00f3 D\u00e9nes, a ny\u00edregyh\u00e1zi karnagy-var\u00e1zsl\u00f3, Ivan Gajan zongoram\u0171v\u00e9sz, aki k\u00e9t koncertet is&#8230;<\/p>\n<div class=\"more-link-wrapper\"><a class=\"more-link\" href=\"https:\/\/horkaytamas.sk\/hu\/ung-videki-zenei-napok-2009\/\">Pokra\u010dova\u0165 v \u010d\u00edtan\u00ed<span class=\"screen-reader-text\">Ung-vid\u00e9ki Zenei Napok 2009<\/span><\/a><\/div>\n","protected":false},"author":1,"featured_media":0,"parent":0,"menu_order":0,"comment_status":"closed","ping_status":"closed","template":"","meta":{"pgc_sgb_lightbox_settings":""},"_links":{"self":[{"href":"https:\/\/horkaytamas.sk\/hu\/wp-json\/wp\/v2\/pages\/1220"}],"collection":[{"href":"https:\/\/horkaytamas.sk\/hu\/wp-json\/wp\/v2\/pages"}],"about":[{"href":"https:\/\/horkaytamas.sk\/hu\/wp-json\/wp\/v2\/types\/page"}],"author":[{"embeddable":true,"href":"https:\/\/horkaytamas.sk\/hu\/wp-json\/wp\/v2\/users\/1"}],"replies":[{"embeddable":true,"href":"https:\/\/horkaytamas.sk\/hu\/wp-json\/wp\/v2\/comments?post=1220"}],"version-history":[{"count":3,"href":"https:\/\/horkaytamas.sk\/hu\/wp-json\/wp\/v2\/pages\/1220\/revisions"}],"predecessor-version":[{"id":1510,"href":"https:\/\/horkaytamas.sk\/hu\/wp-json\/wp\/v2\/pages\/1220\/revisions\/1510"}],"wp:attachment":[{"href":"https:\/\/horkaytamas.sk\/hu\/wp-json\/wp\/v2\/media?parent=1220"}],"curies":[{"name":"wp","href":"https:\/\/api.w.org\/{rel}","templated":true}]}}