{"id":1214,"date":"2021-01-24T17:24:36","date_gmt":"2021-01-24T16:24:36","guid":{"rendered":"https:\/\/horkaytamas.sk\/hudobne-dni-pouzia-2007\/"},"modified":"2021-01-31T20:00:37","modified_gmt":"2021-01-31T19:00:37","slug":"ung-videki-zenei-napok-2007","status":"publish","type":"page","link":"https:\/\/horkaytamas.sk\/hu\/ung-videki-zenei-napok-2007\/","title":{"rendered":"Ung-vid\u00e9ki Zenei Napok 2007"},"content":{"rendered":"\n<p>Azut\u00e1n, hogy az \u00faj fesztiv\u00e1l kezdem\u00e9nyez\u00e9se term\u00e9keny talajt tal\u00e1lt, \u00fajabb p\u00e1ly\u00e1zatot ny\u00fajtottunk be a kultuszminiszt\u00e9riumba, annak sikere ut\u00e1n pedig folytathattuk&nbsp; az elkezdett hagyom\u00e1nyt. A legl\u00e9nyegesebb v\u00e1ltoz\u00e1s az elnevez\u00e9st \u00e9rintette: az Ung-vid\u00e9ki Zenei Napok megjel\u00f6l\u00e9s a rendezv\u00e9nysorozat region\u00e1lis jelleg\u00e9t emeli ki, ami a D\u00e9lkelet-Szlov\u00e1ki\u00e1ban tal\u00e1lhat\u00f3 Ung-vid\u00e9k eg\u00e9sz mikror\u00e9gi\u00f3j\u00e1ra vonatkozik (a valamikori Ung megye r\u00e9sz\u00e9re).<\/p>\n\n\n\n<p>A koncertek \u00e9s a helysz\u00ednek sz\u00e1ma is n\u00f6vekedett. Az UZN\u00b42007 kilenc hangversenyt jelentett m\u00e1jusban, Nagykaposon k\u00edv\u00fcl Csicserben, Deregny\u0151ben \u00e9s Dob\u00f3ruszk\u00e1ban. A fesztiv\u00e1lon a k\u00f6vetkez\u0151 m\u0171v\u00e9szek l\u00e9ptek fel (a koncertek id\u0151pontja szerint):<\/p>\n\n\n\n<ul><li>N\u0151 Bolh\u00e1val kort\u00e1rs zenei egy\u00fcttes;<\/li><li>Kassai Von\u00f3sn\u00e9gyes;<\/li><li>Eva Kavuljakov\u00e1-Ter\u00e9zia Bal\u00e1\u017eov\u00e1 git\u00e1rdu\u00f3;<\/li><li>Csermely K\u00f3rus Kass\u00e1r\u00f3l, Havasi J\u00f3zsef karnagy vezet\u00e9se alatt;<\/li><li>Happy 4 friends dzsessz egy\u00fcttes;<\/li><li>Tom\u00e1\u0161 Nemec \u2013 zongora;<\/li><li>Marek Vr\u00e1bel \u2013 orgona;<\/li><li>Dezider Ol\u00e1h \u2013 cimbalom \u00e9s Andrea \u013dal\u00edkov\u00e1 \u2013 zongora;<\/li><li>Kassai \u00c1llami Filharm\u00f3nia Tom\u00e1\u0161 Koutn\u00edk vez\u00e9nylet\u00e9vel \u00e9s Katar\u00edna Zajacov\u00e1 gordonkam\u0171v\u00e9sszel.<\/li><\/ul>\n\n\n\n<p>Az el\u0151z\u0151 \u00e9vfolyamhoz hasonl\u00f3an \u00fajra megtiszteltek minket j\u00e1t\u00e9kukkal a kassai filharmonikusok. Eml\u00e9kezetes marad a Happy 4 friends koncertje, ugyanis a zen\u00e9szek bizonyos szubjekt\u00edv-objekt\u00edv okokb\u00f3l mintegy k\u00e9t \u00f3r\u00e1t k\u00e9stek a saj\u00e1t fell\u00e9p\u00e9s\u00fckr\u0151l \u2013 a l\u00e1togat\u00f3k azonban hely\u00fck\u00f6n maradtak, a rendezv\u00e9ny pedig ann\u00e1l nagyobb sikert aratott, eg\u00e9szen remek hangulatban. A hivatalos koncert ut\u00e1n nem hivatalos jam session kezd\u0151d\u00f6tt \u00e9s folytat\u00f3dott volna \u00e9jf\u00e9lig is, ha nem lettem volna k\u00e9nytelen bizonyos id\u0151 ut\u00e1n bez\u00e1rni az iskol\u00e1t\u2026 A Kavuljakov\u00e1-Bal\u00e1\u017eov\u00e1 csicseri fell\u00e9p\u00e9s\u00e9n a fegyelmezetlen n\u00e9z\u0151kkel ad\u00f3dott n\u00e9mi probl\u00e9ma, de a koncert kicseng\u00e9s\u00e9t ez nem \u00e1rny\u00e9kolta be. Kiemeln\u00e9m m\u00e9g a kort\u00e1rs zenei nyit\u00f3hangversenyt&nbsp; \u00e9s k\u00fcl\u00f6n\u00f6sen Gija Kancseli Exil c. m\u0171v\u00e9nek szlov\u00e1kiai \u0151sbemutat\u00f3j\u00e1t a nagykaposi reform\u00e1tus templomban&nbsp; &#8211; n\u00e9h\u00e1ny hallgat\u00f3 kifejezte ugyan az elj\u00f6veteln\u00e9l nemtetsz\u00e9s\u00e9t, de a nagy t\u00f6bbs\u00e9g \u00e1llva tapsolt a v\u00e9g\u00e9n.<\/p>\n\n\n\n<p><a rel=\"noreferrer noopener\" href=\"\/wp-content\/uploads\/2021\/01\/hdp2007_01_buletin.pdf\" target=\"_blank\">Itt t\u00f6ltheti le a fesztiv\u00e1l k\u00e9tnyelv\u0171 m\u0171sof\u00fczet\u00e9t<\/a><\/p>\n\n\n\n<p><a rel=\"noreferrer noopener\" href=\"\/wp-content\/uploads\/2021\/01\/hdp2007_02_brozura.pdf\" target=\"_blank\">Itt t\u00f6ltheti le a fesztiv\u00e1lr\u00f3l ut\u00f3lag kiadott szlov\u00e1k nyelv\u0171 bros\u00far\u00e1t, f\u00e9nyk\u00e9pekkel \u00e9s komment\u00e1rokkal<\/a><\/p>\n\n\n\n<p>Itt hallgathatja meg Gija Kancseli Exil c. m\u0171v\u00e9nek szlov\u00e1kiai \u0151sbemutat\u00f3j\u00e1t:<\/p>\n\n\n\n<figure class=\"wp-block-embed is-type-video is-provider-youtube wp-block-embed-youtube wp-embed-aspect-4-3 wp-has-aspect-ratio\"><div class=\"wp-block-embed__wrapper\">\n<iframe loading=\"lazy\" title=\"Giya Kancheli: Exil. Ung-region Music Days 2007\" width=\"500\" height=\"375\" src=\"https:\/\/www.youtube.com\/embed\/vpx7oFjODwE?feature=oembed\" frameborder=\"0\" allow=\"accelerometer; autoplay; clipboard-write; encrypted-media; gyroscope; picture-in-picture\" allowfullscreen><\/iframe>\n<\/div><\/figure>\n\n\n\n<p><a rel=\"noreferrer noopener\" href=\"\/wp-content\/uploads\/2021\/01\/hdp2007_05_copus_sk.pdf\" target=\"_blank\">Itt olvashatja el a fesztiv\u00e1lr\u00f3l \u00edrt, a COPUS helyi lapban megjelent cikkemet<\/a><\/p>\n","protected":false},"excerpt":{"rendered":"<p>Azut\u00e1n, hogy az \u00faj fesztiv\u00e1l kezdem\u00e9nyez\u00e9se term\u00e9keny talajt tal\u00e1lt, \u00fajabb p\u00e1ly\u00e1zatot ny\u00fajtottunk be a kultuszminiszt\u00e9riumba, annak sikere ut\u00e1n pedig folytathattuk&nbsp; az elkezdett hagyom\u00e1nyt. A legl\u00e9nyegesebb&#8230;<\/p>\n<div class=\"more-link-wrapper\"><a class=\"more-link\" href=\"https:\/\/horkaytamas.sk\/hu\/ung-videki-zenei-napok-2007\/\">Pokra\u010dova\u0165 v \u010d\u00edtan\u00ed<span class=\"screen-reader-text\">Ung-vid\u00e9ki Zenei Napok 2007<\/span><\/a><\/div>\n","protected":false},"author":1,"featured_media":0,"parent":0,"menu_order":0,"comment_status":"closed","ping_status":"closed","template":"","meta":{"pgc_sgb_lightbox_settings":""},"_links":{"self":[{"href":"https:\/\/horkaytamas.sk\/hu\/wp-json\/wp\/v2\/pages\/1214"}],"collection":[{"href":"https:\/\/horkaytamas.sk\/hu\/wp-json\/wp\/v2\/pages"}],"about":[{"href":"https:\/\/horkaytamas.sk\/hu\/wp-json\/wp\/v2\/types\/page"}],"author":[{"embeddable":true,"href":"https:\/\/horkaytamas.sk\/hu\/wp-json\/wp\/v2\/users\/1"}],"replies":[{"embeddable":true,"href":"https:\/\/horkaytamas.sk\/hu\/wp-json\/wp\/v2\/comments?post=1214"}],"version-history":[{"count":2,"href":"https:\/\/horkaytamas.sk\/hu\/wp-json\/wp\/v2\/pages\/1214\/revisions"}],"predecessor-version":[{"id":1501,"href":"https:\/\/horkaytamas.sk\/hu\/wp-json\/wp\/v2\/pages\/1214\/revisions\/1501"}],"wp:attachment":[{"href":"https:\/\/horkaytamas.sk\/hu\/wp-json\/wp\/v2\/media?parent=1214"}],"curies":[{"name":"wp","href":"https:\/\/api.w.org\/{rel}","templated":true}]}}