{"id":1200,"date":"2021-01-24T17:19:18","date_gmt":"2021-01-24T16:19:18","guid":{"rendered":"https:\/\/horkaytamas.sk\/schneider-v-kosiciach\/"},"modified":"2021-02-01T18:26:32","modified_gmt":"2021-02-01T17:26:32","slug":"schneider-kassan","status":"publish","type":"page","link":"https:\/\/horkaytamas.sk\/hu\/schneider-kassan\/","title":{"rendered":"Schneider Kass\u00e1n"},"content":{"rendered":"\n<p>2014-ben k\u00e9t rendk\u00edv\u00fcli koncertet szerett\u00fcnk volna rendezni. Az egyik lett volna a hetedik \u00d6sszefog\u00e1s Hangverseny. Azonban hib\u00e1t k\u00f6vett\u00fcnk el azzal, hogy a p\u00e1ly\u00e1zati k\u00e9rv\u00e9nyt rossz bizotts\u00e1gnak c\u00edmezt\u00fck (annak, amelyik m\u00e9g a Kassa\u00b42013 projekttel foglalkozott). Az ottani elb\u00edr\u00e1l\u00f3k nem mutattak emp\u00e1ti\u00e1t a hagyom\u00e1ny fel\u00e9 \u00e9s nem t\u00e1mogatt\u00e1k a p\u00e1ly\u00e1zatot; ezzel annak t\u00f6rt\u00e9nete v\u00e9get \u00e9rt. A \u201ej\u00f3\u201d bizotts\u00e1g viszont t\u00e1mogatta a m\u00e1sik, \u201eSchneider Kass\u00e1n\u201d megjel\u00f6l\u00e9s\u0171 p\u00e1ly\u00e1zatot. Mir\u0151l is volt pontosan sz\u00f3?<\/p>\n\n\n\n<p>A kassai Exn\u00e1r utcai konzervat\u00f3rium a kezdetekt\u0151l fogva er\u0151s \u00e9s akt\u00edv \u00e9nekszakkal rendelkezik. Mikul\u00e1\u0161 Schneider-Trnavsk\u00fd posztromantikus zeneszerz\u0151, a \u201eszlov\u00e1k Schubert\u201d dalait nagyban \u00e9neklik valamennyi fok\u00fa zeneiskol\u00e1ban, de ezeknek a daloknak nincs hangfelv\u00e9teli \u00f6sszkiad\u00e1suk \u00e9s nem is adt\u00e1k m\u00e9g \u0151ket el\u0151 egyetlen koncert keret\u00e9ben. Ezek voltak az el\u0151felt\u00e9telei annak a mer\u00e9sz kezdem\u00e9nyez\u00e9snek, hogy a zeneszerz\u0151 \u00f6sszes m\u0171dal\u00e1t egyetlen nagyszab\u00e1s\u00fa hangversenyen megsz\u00f3laltassuk.&nbsp;<\/p>\n\n\n\n<p>A kezdem\u00e9nyez\u00e9s pontosan m\u00e1jus 26-\u00e1n, a komponista hal\u00e1l\u00e1nak \u00e9vfordul\u00f3j\u00e1n v\u00e1lt val\u00f3ra,&nbsp; a kassai Kelet-Szlov\u00e1kiai Gal\u00e9ria zs\u00fafol\u00e1sig telt reprezent\u00e1ci\u00f3s term\u00e9ben. Schneider-Trnavsk\u00fd mind az 55 m\u0171dala (term\u00e9szetesen keletkez\u00e9s\u00fck id\u0151pontja szerint) elhangzott 13 \u00e9nekes, 6 zongorista \u00e9s egy heged\u0171s tolm\u00e1csol\u00e1s\u00e1ban. E h\u00fasz m\u0171v\u00e9sznek a fele, azaz t\u00edzen iskol\u00e1nk pedag\u00f3gusai voltak; \u00f6t esetben di\u00e1kok l\u00e9ptek fel \u00e9s csak \u00f6t m\u0171v\u00e9sz volt \u2013 \u00fagymond &#8211; \u201ek\u00fcls\u0151s\u201d.<\/p>\n\n\n\n<p>Senkit sem szeretn\u00e9k itt kiemelni (igaz, Eva \u0160u\u0161kov\u00e1 \u00e9s Peter Pa\u017eick\u00fd adt\u00e1k el\u0151 a legt\u00f6bb dalt), hanem \u00e1b\u00e9c\u00e9sorrendben k\u00f6zl\u00f6m a fell\u00e9p\u0151k n\u00e9vsor\u00e1t.<\/p>\n\n\n\n<p>&nbsp;&nbsp;&nbsp;&nbsp;&nbsp;&nbsp;&nbsp;&nbsp;&nbsp; \u00c9nekesek:<\/p>\n\n\n\n<ul><li>Beatrice Dulkov\u00e1<\/li><li>Eunika Fetykov\u00e1<\/li><li>Henrieta Horv\u00e1thov\u00e1<\/li><li>Angelika Hujdi\u010dov\u00e1<\/li><li>Lucia Knotekov\u00e1<\/li><li>Mari\u00e1n Luk\u00e1\u010d<\/li><li>So\u0148a Mih\u00e1likov\u00e1<\/li><li>Jozef Mi\u0161enko<\/li><li>Andrea Nemcov\u00e1<\/li><li>Al\u017ebeta Smolinkov\u00e1<\/li><li>Eva \u0160u\u0161kov\u00e1<\/li><li>T\u00f3bisz Titusz<\/li><li>Janette Zsigov\u00e1<\/li><\/ul>\n\n\n\n<p>&nbsp;&nbsp;&nbsp;&nbsp;&nbsp;&nbsp;&nbsp;&nbsp;&nbsp; Zongorist\u00e1k:<\/p>\n\n\n\n<ul><li>J\u00falia Grejt\u00e1kov\u00e1<\/li><li>Ny\u00e9ky Mikl\u00f3s<\/li><li>Peter Pa\u017eick\u00fd<\/li><li>Martin \u0160iffter<\/li><li>Kateryna Trofymovich<\/li><li>Zuzana \u017degle\u0148ov\u00e1<\/li><\/ul>\n\n\n\n<p>Egy dalban Anna Doln\u00e1 di\u00e1kunk is k\u00f6zrem\u0171k\u00f6d\u00f6tt heged\u0171n.<\/p>\n\n\n\n<p>Ami a m\u0171v\u00e9szi benyom\u00e1st, el\u0151ad\u00f3i teljes\u00edtm\u00e9nyeket \u00e9s t\u00e1rsadalmi visszhangot illeti, joggal besz\u00e9lhet\u00fcnk szuperlat\u00edvuszokban. Schneider-Trnavsk\u00fd unok\u00e1ja, Bugala \u00far is jelen volt feles\u00e9g\u00e9vel. Nem utols\u00f3sorban egyidej\u0171leg a dalok sz\u00f6veg\u00e9t is kivet\u00edtett\u00fck, vide\u00f3projekci\u00f3 form\u00e1j\u00e1ban. B\u00e1r a k\u00e9t \u00e9s f\u00e9l \u00f3r\u00e1s koncertr\u0151l sz\u00fcletett recenzi\u00f3, ban\u00e1lis m\u0171szaki okok folyt\u00e1n sajnos nem tal\u00e1lta meg az utat a Hudobn\u00fd \u017eivot zenei szaklap has\u00e1bjaira (a koncertr\u0151l azonban r\u00e9szletes t\u00e1j\u00e9koztat\u00e1st adott a Szlov\u00e1k R\u00e1di\u00f3 egyik csatorn\u00e1ja). Hasonl\u00f3an nem maradt fedezet nagyszab\u00e1s\u00fa fogad\u00e1sra, a fell\u00e9p\u0151knek szendvicsekkel kellett megel\u00e9gedni\u00fck. Ennek az egyed\u00fcl\u00e1ll\u00f3, kiv\u00e9teles rendezv\u00e9nynek a szellemi hozad\u00e9ka a szlov\u00e1k zenekult\u00fara sz\u00e1m\u00e1ra viszont megk\u00e9rd\u0151jelezhetetlen.<\/p>\n\n\n\n<p>A koncertet a szlov\u00e1k kultur\u00e1lis miniszt\u00e9riumon k\u00edv\u00fcl a Zenei Alap is t\u00e1mogatta \u00e9s szervez\u00e9s\u00e9ben a MUSA NOSTRA nonprofit szervezeten k\u00edv\u00fcl a kassai Exn\u00e1r utcai konzervat\u00f3rium is jeleskedett, legink\u00e1bb annak igazgat\u00f3ja, Galovics R\u00f3bert.<\/p>\n\n\n\n<p>Itt t\u00f6ltheti le a koncert m\u0171sorf\u00fczet\u00e9t, 1. \u00e9s 2.r\u00e9sz:<\/p>\n\n\n\n<figure class=\"wp-block-image size-large\"><a href=\"https:\/\/horkaytamas.sk\/wp-content\/uploads\/2021\/01\/Schneider_01_brosura2.jpg\"><img loading=\"lazy\" width=\"1024\" height=\"750\" src=\"https:\/\/horkaytamas.sk\/wp-content\/uploads\/2021\/01\/Schneider_01_brosura2-1024x750.jpg\" alt=\"\" class=\"wp-image-1178\" srcset=\"https:\/\/horkaytamas.sk\/wp-content\/uploads\/2021\/01\/Schneider_01_brosura2-1024x750.jpg 1024w, https:\/\/horkaytamas.sk\/wp-content\/uploads\/2021\/01\/Schneider_01_brosura2-300x220.jpg 300w, https:\/\/horkaytamas.sk\/wp-content\/uploads\/2021\/01\/Schneider_01_brosura2-768x563.jpg 768w, https:\/\/horkaytamas.sk\/wp-content\/uploads\/2021\/01\/Schneider_01_brosura2.jpg 1500w\" sizes=\"(max-width: 1024px) 100vw, 1024px\" \/><\/a><\/figure>\n\n\n\n<figure class=\"wp-block-image size-large\"><a href=\"https:\/\/horkaytamas.sk\/wp-content\/uploads\/2021\/01\/Schneider_01_brosura1.jpg\"><img loading=\"lazy\" width=\"1024\" height=\"751\" src=\"https:\/\/horkaytamas.sk\/wp-content\/uploads\/2021\/01\/Schneider_01_brosura1-1024x751.jpg\" alt=\"\" class=\"wp-image-1180\" srcset=\"https:\/\/horkaytamas.sk\/wp-content\/uploads\/2021\/01\/Schneider_01_brosura1-1024x751.jpg 1024w, https:\/\/horkaytamas.sk\/wp-content\/uploads\/2021\/01\/Schneider_01_brosura1-300x220.jpg 300w, https:\/\/horkaytamas.sk\/wp-content\/uploads\/2021\/01\/Schneider_01_brosura1-768x563.jpg 768w, https:\/\/horkaytamas.sk\/wp-content\/uploads\/2021\/01\/Schneider_01_brosura1.jpg 1500w\" sizes=\"(max-width: 1024px) 100vw, 1024px\" \/><\/a><\/figure>\n\n\n\n<p>Itt t\u00f6ltheti le a koncert plak\u00e1tj\u00e1t:<\/p>\n\n\n\n<figure class=\"wp-block-image size-large\"><a href=\"https:\/\/horkaytamas.sk\/wp-content\/uploads\/2021\/01\/Schneider_plagat.jpg\"><img loading=\"lazy\" width=\"800\" height=\"566\" src=\"https:\/\/horkaytamas.sk\/wp-content\/uploads\/2021\/01\/Schneider_plagat.jpg\" alt=\"\" class=\"wp-image-820\" srcset=\"https:\/\/horkaytamas.sk\/wp-content\/uploads\/2021\/01\/Schneider_plagat.jpg 800w, https:\/\/horkaytamas.sk\/wp-content\/uploads\/2021\/01\/Schneider_plagat-300x212.jpg 300w, https:\/\/horkaytamas.sk\/wp-content\/uploads\/2021\/01\/Schneider_plagat-768x543.jpg 768w\" sizes=\"(max-width: 800px) 100vw, 800px\" \/><\/a><\/figure>\n\n\n\n<p>A 2021-edik \u00e9v febru\u00e1rj\u00e1nak els\u0151 napj\u00e1n a hangverseny felv\u00e9tele felker\u00fclt az internetre \u00e9s b\u00e1rki megtekintheti.<\/p>\n\n\n\n<figure class=\"wp-block-embed is-type-video is-provider-youtube wp-block-embed-youtube wp-embed-aspect-4-3 wp-has-aspect-ratio\"><div class=\"wp-block-embed__wrapper\">\n<iframe loading=\"lazy\" title=\"V\u0161etky piesne Schneidera-Trnavsk\u00e9ho v porad\u00ed vzniku, Ko\u0161ice 2014\" width=\"500\" height=\"375\" src=\"https:\/\/www.youtube.com\/embed\/GTB17w94W18?feature=oembed\" frameborder=\"0\" allow=\"accelerometer; autoplay; clipboard-write; encrypted-media; gyroscope; picture-in-picture\" allowfullscreen><\/iframe>\n<\/div><\/figure>\n","protected":false},"excerpt":{"rendered":"<p>2014-ben k\u00e9t rendk\u00edv\u00fcli koncertet szerett\u00fcnk volna rendezni. Az egyik lett volna a hetedik \u00d6sszefog\u00e1s Hangverseny. Azonban hib\u00e1t k\u00f6vett\u00fcnk el azzal, hogy a p\u00e1ly\u00e1zati k\u00e9rv\u00e9nyt rossz&#8230;<\/p>\n<div class=\"more-link-wrapper\"><a class=\"more-link\" href=\"https:\/\/horkaytamas.sk\/hu\/schneider-kassan\/\">Pokra\u010dova\u0165 v \u010d\u00edtan\u00ed<span class=\"screen-reader-text\">Schneider Kass\u00e1n<\/span><\/a><\/div>\n","protected":false},"author":1,"featured_media":0,"parent":0,"menu_order":0,"comment_status":"closed","ping_status":"closed","template":"","meta":{"pgc_sgb_lightbox_settings":""},"_links":{"self":[{"href":"https:\/\/horkaytamas.sk\/hu\/wp-json\/wp\/v2\/pages\/1200"}],"collection":[{"href":"https:\/\/horkaytamas.sk\/hu\/wp-json\/wp\/v2\/pages"}],"about":[{"href":"https:\/\/horkaytamas.sk\/hu\/wp-json\/wp\/v2\/types\/page"}],"author":[{"embeddable":true,"href":"https:\/\/horkaytamas.sk\/hu\/wp-json\/wp\/v2\/users\/1"}],"replies":[{"embeddable":true,"href":"https:\/\/horkaytamas.sk\/hu\/wp-json\/wp\/v2\/comments?post=1200"}],"version-history":[{"count":4,"href":"https:\/\/horkaytamas.sk\/hu\/wp-json\/wp\/v2\/pages\/1200\/revisions"}],"predecessor-version":[{"id":1609,"href":"https:\/\/horkaytamas.sk\/hu\/wp-json\/wp\/v2\/pages\/1200\/revisions\/1609"}],"wp:attachment":[{"href":"https:\/\/horkaytamas.sk\/hu\/wp-json\/wp\/v2\/media?parent=1200"}],"curies":[{"name":"wp","href":"https:\/\/api.w.org\/{rel}","templated":true}]}}